{"id":5146,"date":"2023-08-12T08:39:48","date_gmt":"2023-08-12T06:39:48","guid":{"rendered":"http:\/\/xn--riveraindecarrire-6sb.be\/?page_id=5146"},"modified":"2023-08-12T08:40:50","modified_gmt":"2023-08-12T06:40:50","slug":"emission-de-poussieres","status":"publish","type":"page","link":"https:\/\/xn--riveraindecarrire-6sb.be\/index.php\/doctrine\/emission-de-poussieres\/","title":{"rendered":"Emission de poussi\u00e8res"},"content":{"rendered":"<p><strong>1\/ R\u00e9f\u00e9rentiel en la mati\u00e8re<\/strong><\/p>\n<p>Le r\u00e9f\u00e9rentiel international en mati\u00e8re de calcul d\u2019\u00e9mission de poussi\u00e8res par une carri\u00e8re a \u00e9t\u00e9 d\u00e9velopp\u00e9 par l\u2019agence am\u00e9ricaine de protection de l\u2019environnement, en anglais Environement Protection Agency (EPA).<\/p>\n<p>Le gouvernement du Canada a r\u00e9dig\u00e9 un r\u00e9sum\u00e9 de la mod\u00e9lisation, que l\u2019on peut consulter ici:&nbsp;<a href=\"http:\/\/xn--riveraindecarrire-6sb.be\/wp-content\/uploads\/2023\/07\/www.ec_.gc_.ca_inrp-npri_default.asp_langFrnA9C1EE34-1.pdf\">www.ec.gc.ca_inrp-npri_default.asp_lang=Fr&amp;n=A9C1EE34-1<\/a><\/p>\n<p>Le point 8.3. est int\u00e9ressant pour le calcul des \u00e9missions de poussi\u00e8res r\u00e9sultant des&nbsp; op\u00e9rations de minages et d\u2019effondrement de front d\u2019extraction.<\/p>\n<p>Le point 8.9 est int\u00e9ressant pour le calcul des \u00e9missions de poussi\u00e8res r\u00e9sultant des parois ouvertes, ce qui est particuli\u00e8rement le cas des carri\u00e8res en surplomb par rapport au niveau du sol, \u00e0 l\u2019occasion de l\u2019ouverture de flanc de collines ou de montagnes.<\/p>\n<p>Nous trouverez ci-apr\u00e8s avec des exemples chiffr\u00e9s de calcul d\u2019\u00e9missions de poussi\u00e8res, particuli\u00e8rement en ce qui concerne les particules fines. Ces calculs montreront qu\u2019une carri\u00e8re \u00e9met toujours des particules fines.<\/p>\n<p>La mati\u00e8re est d\u2019autant plus sensible lorsque l\u2019on prend connaissance de l\u2019arr\u00eat C 104-15 de la cour de justice de l\u2019Union Europ\u00e9enne, comment\u00e9 sur le pr\u00e9sent site, arr\u00eat qui indique qu\u2019il n\u2019y a pas d\u2019effet de seuil sur la sant\u00e9 humaine en cas d\u2019\u00e9mission de particules fines\u2026 En d\u2019autres mots, l\u2019inhalation de particules fines est toujours nocive pour la sant\u00e9 humaine.<\/p>\n<p>Si on ajoute que certaines poussi\u00e8res (voir sur ce site) sont class\u00e9es canc\u00e9rig\u00e8nes, la probl\u00e9matique devient particuli\u00e8rement sensible\u2026<\/p>\n<p><strong>2\/ Calcul des \u00e9missions \u00e9oliennes d\u2019une carri\u00e8re<\/strong><\/p>\n<p>Il s\u2019agit de calculer l\u2019\u00e9mission de poussi\u00e8res par \u00e9rosion \u00e9olienne de la surface d\u2019une carri\u00e8re<\/p>\n<p>La formule reprise au point 8.9 du guide EPA est la suivante:<\/p>\n<p><b>Facteur d\u2019\u00e9mission E [kg\/an.m2] = 1,12 x 10(-4) x J x 1,7 x(S\/1,5) x 365 x ((365 \u2013 P)\/235) x (I\/15)<\/b><\/p>\n<p>O\u00f9&nbsp;:<\/p>\n<p>J repr\u00e9sente la facteur a\u00e9rodynamique des particules , qui d\u00e9pend de leur taille<\/p>\n<p>S repr\u00e9sente la teneur en silt (cad en limon) du mat\u00e9riau mis en \u0153uvre,<\/p>\n<p>Le coefficient de 365 vise \u00e0 calculer les \u00e9missions par an<\/p>\n<p>P repr\u00e9sente le nombre moyen de jours au cours de l\u2019ann\u00e9e o\u00f9 il y a eu pr\u00e9cipitation d\u2019au moins 0,254 mm<\/p>\n<p>I repr\u00e9sente le pourcentage de temps au cours de l\u2019ann\u00e9e o\u00f9 la vitesse du vent libre a \u00e9t\u00e9 &gt;19,3 km\/h.<\/p>\n<p>Le facteur d\u2019\u00e9mission est ensuite \u00e0&nbsp; multiplier par la surface de la carri\u00e8re<\/p>\n<p>On trouvera ci-dessous un tableau exell reprenant la calcul des \u00e9missions \u00e9oliennes d\u2019une carri\u00e8re de 25 ha de gr\u00e8s, qui correspond \u00e0 un cas r\u00e9el dont le calcul a \u00e9t\u00e9 effectu\u00e9 dans le cadre d\u2019une \u00e9tude d\u2019incidences:<\/p>\n<p><a href=\"http:\/\/xn--riveraindecarrire-6sb.be\/wp-content\/uploads\/2018\/02\/Carriere-Calcul-emission-poussiere.xlsx\">Carri\u00e8re \u2013 Calcul \u00e9mission poussi\u00e8re<\/a>s<\/p>\n<p><strong>3\/ Calcul des \u00e9missions dues au minage d\u2019une&nbsp;<\/strong><b><u>carri\u00e8re<\/u><\/b><\/p>\n<p>On trouvera ci-dessous un tableau excell reprenant le calcul des \u00e9missions de poussi\u00e8res due au minage d\u2019une paroi de carri\u00e8re.<\/p>\n<p>La formule du facture d\u2019\u00e9mission pour des particules PM 2,5 est donn\u00e9e par<\/p>\n<p>FE = 0.0002 x (A)E1,5 x 0.03<\/p>\n<p>o\u00f9 A est la surface verticale de paroi min\u00e9e<\/p>\n<p>0.03 est un coefficient qui est propre au PM 2,5<\/p>\n<p><a href=\"http:\/\/xn--riveraindecarrire-6sb.be\/wp-content\/uploads\/2023\/05\/Carriere-calcul-emission-minage.xlsx\">Carriere-calcul-emission-minage<\/a><\/p>\n","protected":false},"excerpt":{"rendered":"<p>1\/ R\u00e9f\u00e9rentiel en la mati\u00e8re Le r\u00e9f\u00e9rentiel international en mati\u00e8re de calcul d\u2019\u00e9mission de poussi\u00e8res par une carri\u00e8re a \u00e9t\u00e9 d\u00e9velopp\u00e9 par l\u2019agence am\u00e9ricaine de protection de l\u2019environnement, en anglais Environement Protection Agency (EPA). Le gouvernement du Canada a r\u00e9dig\u00e9 un r\u00e9sum\u00e9 de la mod\u00e9lisation, que l\u2019on peut consulter ici:&nbsp;www.ec.gc.ca_inrp-npri_default.asp_lang=Fr&amp;n=A9C1EE34-1 Le point 8.3. est int\u00e9ressant &hellip; <\/p>\n<p class=\"link-more\"><a href=\"https:\/\/xn--riveraindecarrire-6sb.be\/index.php\/doctrine\/emission-de-poussieres\/\" class=\"more-link\">Continuer la lecture<span class=\"screen-reader-text\"> de &laquo;&nbsp;Emission de poussi\u00e8res&nbsp;&raquo;<\/span><\/a><\/p>\n","protected":false},"author":1,"featured_media":0,"parent":33,"menu_order":0,"comment_status":"closed","ping_status":"closed","template":"","meta":[],"_links":{"self":[{"href":"https:\/\/xn--riveraindecarrire-6sb.be\/index.php\/wp-json\/wp\/v2\/pages\/5146"}],"collection":[{"href":"https:\/\/xn--riveraindecarrire-6sb.be\/index.php\/wp-json\/wp\/v2\/pages"}],"about":[{"href":"https:\/\/xn--riveraindecarrire-6sb.be\/index.php\/wp-json\/wp\/v2\/types\/page"}],"author":[{"embeddable":true,"href":"https:\/\/xn--riveraindecarrire-6sb.be\/index.php\/wp-json\/wp\/v2\/users\/1"}],"replies":[{"embeddable":true,"href":"https:\/\/xn--riveraindecarrire-6sb.be\/index.php\/wp-json\/wp\/v2\/comments?post=5146"}],"version-history":[{"count":2,"href":"https:\/\/xn--riveraindecarrire-6sb.be\/index.php\/wp-json\/wp\/v2\/pages\/5146\/revisions"}],"predecessor-version":[{"id":5148,"href":"https:\/\/xn--riveraindecarrire-6sb.be\/index.php\/wp-json\/wp\/v2\/pages\/5146\/revisions\/5148"}],"up":[{"embeddable":true,"href":"https:\/\/xn--riveraindecarrire-6sb.be\/index.php\/wp-json\/wp\/v2\/pages\/33"}],"wp:attachment":[{"href":"https:\/\/xn--riveraindecarrire-6sb.be\/index.php\/wp-json\/wp\/v2\/media?parent=5146"}],"curies":[{"name":"wp","href":"https:\/\/api.w.org\/{rel}","templated":true}]}}