{"id":4981,"date":"2023-05-06T21:23:41","date_gmt":"2023-05-06T19:23:41","guid":{"rendered":"https:\/\/xn--riveraindecarrire-6sb.be\/?page_id=4981"},"modified":"2023-05-06T22:02:27","modified_gmt":"2023-05-06T20:02:27","slug":"analyse-du-volet-biodiversite-dun-projet-carrier","status":"publish","type":"page","link":"https:\/\/xn--riveraindecarrire-6sb.be\/index.php\/analyse-juridique-dune-carriere\/elements-danalyse-scientifique-dun-permis-carrier\/analyse-du-volet-biodiversite-dun-projet-carrier\/","title":{"rendered":"Analyse du volet biodiversit\u00e9 d&rsquo;un projet carrier"},"content":{"rendered":"<p>La base de la mati\u00e8re r\u00e9side dans la loi du 12 juillet 1973, r\u00e9gionalis\u00e9e, sur la conservation de la nature, qui est pr\u00e9sent\u00e9e dans la rubrique \u00ab\u00a0L\u00e9gislation belge\/Wallonie\u00a0\u00bb.<\/p>\n<p>L&rsquo;article 2 de la loi vise \u00e0 la protection des oiseaux, dans les termes qui suivent<\/p>\n<p><em><a href=\"https:\/\/www.ejustice.just.fgov.be\/cgi_loi\/loi_a1.pl?imgcn.x=31&amp;imgcn.y=6&amp;DETAIL=1973071234%2FF&amp;caller=list&amp;row_id=1&amp;numero=4&amp;rech=7&amp;cn=1973071234&amp;table_name=LOI&amp;nm=1973A71207&amp;la=F&amp;chercher=t&amp;dt=LOI&amp;language=fr&amp;fr=f&amp;choix1=ET&amp;choix2=ET&amp;fromtab=loi_all&amp;sql=dt+contains++%27LOI%27+and+dd+%3D+date%271973-07-12%27and+actif+%3D+%27Y%27&amp;ddda=1973&amp;tri=dd+AS+RANK+&amp;trier=promulgation&amp;dddj=12&amp;dddm=07#Art.1bis\">\u00ab\u00a0Art.<\/a>\u00a0<a href=\"https:\/\/www.ejustice.just.fgov.be\/cgi_loi\/loi_a1.pl?imgcn.x=31&amp;imgcn.y=6&amp;DETAIL=1973071234%2FF&amp;caller=list&amp;row_id=1&amp;numero=4&amp;rech=7&amp;cn=1973071234&amp;table_name=LOI&amp;nm=1973A71207&amp;la=F&amp;chercher=t&amp;dt=LOI&amp;language=fr&amp;fr=f&amp;choix1=ET&amp;choix2=ET&amp;fromtab=loi_all&amp;sql=dt+contains++%27LOI%27+and+dd+%3D+date%271973-07-12%27and+actif+%3D+%27Y%27&amp;ddda=1973&amp;tri=dd+AS+RANK+&amp;trier=promulgation&amp;dddj=12&amp;dddm=07#LNK0005\">2<\/a>. [<a href=\"https:\/\/www.ejustice.just.fgov.be\/cgi_loi\/loi_a1.pl?imgcn.x=31&amp;imgcn.y=6&amp;DETAIL=1973071234%2FF&amp;caller=list&amp;row_id=1&amp;numero=4&amp;rech=7&amp;cn=1973071234&amp;table_name=LOI&amp;nm=1973A71207&amp;la=F&amp;chercher=t&amp;dt=LOI&amp;language=fr&amp;fr=f&amp;choix1=ET&amp;choix2=ET&amp;fromtab=loi_all&amp;sql=dt+contains++%27LOI%27+and+dd+%3D+date%271973-07-12%27and+actif+%3D+%27Y%27&amp;ddda=1973&amp;tri=dd+AS+RANK+&amp;trier=promulgation&amp;dddj=12&amp;dddm=07#t\"><sup>1<\/sup><\/a> \u00a7 1er. Sous r\u00e9serve du paragraphe 3, sont int\u00e9gralement prot\u00e9g\u00e9s tous les oiseaux, normaux ou mutants, vivants, morts ou naturalis\u00e9s, appartenant \u00e0 une des esp\u00e8ces vivant naturellement \u00e0 l&rsquo;\u00e9tat sauvage sur le territoire europ\u00e9en, notamment celles vis\u00e9es \u00e0 l&rsquo;annexe I, y compris leurs sous-esp\u00e8ces, races ou vari\u00e9t\u00e9s, quelle que soit leur origine g\u00e9ographique, ainsi que les oiseaux hybrid\u00e9s avec un individu de ces esp\u00e8ces.<\/em><strong><br \/>\n(&#8230;)\u00a0\u00bb<\/strong><\/p>\n<p>L&rsquo;article 2bis vise \u00e0 la protection des autres esp\u00e8ces animales, dans les termes qui suivent<\/p>\n<p><em><a href=\"https:\/\/www.ejustice.just.fgov.be\/cgi_loi\/loi_a1.pl?imgcn.x=31&amp;imgcn.y=6&amp;DETAIL=1973071234%2FF&amp;caller=list&amp;row_id=1&amp;numero=4&amp;rech=7&amp;cn=1973071234&amp;table_name=LOI&amp;nm=1973A71207&amp;la=F&amp;chercher=t&amp;dt=LOI&amp;language=fr&amp;fr=f&amp;choix1=ET&amp;choix2=ET&amp;fromtab=loi_all&amp;sql=dt+contains++%27LOI%27+and+dd+%3D+date%271973-07-12%27and+actif+%3D+%27Y%27&amp;ddda=1973&amp;tri=dd+AS+RANK+&amp;trier=promulgation&amp;dddj=12&amp;dddm=07#Art.2\">\u00ab\u00a0Art.<\/a>\u00a0<a href=\"https:\/\/www.ejustice.just.fgov.be\/cgi_loi\/loi_a1.pl?imgcn.x=31&amp;imgcn.y=6&amp;DETAIL=1973071234%2FF&amp;caller=list&amp;row_id=1&amp;numero=4&amp;rech=7&amp;cn=1973071234&amp;table_name=LOI&amp;nm=1973A71207&amp;la=F&amp;chercher=t&amp;dt=LOI&amp;language=fr&amp;fr=f&amp;choix1=ET&amp;choix2=ET&amp;fromtab=loi_all&amp;sql=dt+contains++%27LOI%27+and+dd+%3D+date%271973-07-12%27and+actif+%3D+%27Y%27&amp;ddda=1973&amp;tri=dd+AS+RANK+&amp;trier=promulgation&amp;dddj=12&amp;dddm=07#Art.2ter\">2bis<\/a>. [<a href=\"https:\/\/www.ejustice.just.fgov.be\/cgi_loi\/loi_a1.pl?imgcn.x=31&amp;imgcn.y=6&amp;DETAIL=1973071234%2FF&amp;caller=list&amp;row_id=1&amp;numero=4&amp;rech=7&amp;cn=1973071234&amp;table_name=LOI&amp;nm=1973A71207&amp;la=F&amp;chercher=t&amp;dt=LOI&amp;language=fr&amp;fr=f&amp;choix1=ET&amp;choix2=ET&amp;fromtab=loi_all&amp;sql=dt+contains++%27LOI%27+and+dd+%3D+date%271973-07-12%27and+actif+%3D+%27Y%27&amp;ddda=1973&amp;tri=dd+AS+RANK+&amp;trier=promulgation&amp;dddj=12&amp;dddm=07#t\"><sup>1<\/sup><\/a>\u00a0\u00a7 1er. Sont int\u00e9gralement prot\u00e9g\u00e9es toutes les esp\u00e8ces de mammif\u00e8res, amphibiens, reptiles, poissons et invert\u00e9br\u00e9s :<\/em><br \/>\n<em>\u00a0\u00a01\u00b0 strictement prot\u00e9g\u00e9es en vertu de l&rsquo;annexe IV, point a., de la directive 92\/43\/C.E.E. et de l&rsquo;annexe II de la Convention de Berne, dont la liste est reprise en annexe II, point a.;<\/em><br \/>\n<em>\u00a0\u00a02\u00b0 menac\u00e9es en Wallonie, dont la liste est reprise en annexe II, point b.<\/em><strong><br \/>\n<\/strong><\/p>\n<p>(&#8230;)\u00a0\u00bb<\/p>\n<p>L&rsquo;article 3 vise \u00e0 la protection des esp\u00e8ces v\u00e9g\u00e9tales, dans les termes qui suivent<\/p>\n<p><em><a href=\"https:\/\/www.ejustice.just.fgov.be\/cgi_loi\/loi_a1.pl?imgcn.x=31&amp;imgcn.y=6&amp;DETAIL=1973071234%2FF&amp;caller=list&amp;row_id=1&amp;numero=4&amp;rech=7&amp;cn=1973071234&amp;table_name=LOI&amp;nm=1973A71207&amp;la=F&amp;chercher=t&amp;dt=LOI&amp;language=fr&amp;fr=f&amp;choix1=ET&amp;choix2=ET&amp;fromtab=loi_all&amp;sql=dt+contains++%27LOI%27+and+dd+%3D+date%271973-07-12%27and+actif+%3D+%27Y%27&amp;ddda=1973&amp;tri=dd+AS+RANK+&amp;trier=promulgation&amp;dddj=12&amp;dddm=07#Art.2sexies\">\u00ab\u00a0Art.<\/a><a href=\"https:\/\/www.ejustice.just.fgov.be\/cgi_loi\/loi_a1.pl?imgcn.x=31&amp;imgcn.y=6&amp;DETAIL=1973071234%2FF&amp;caller=list&amp;row_id=1&amp;numero=4&amp;rech=7&amp;cn=1973071234&amp;table_name=LOI&amp;nm=1973A71207&amp;la=F&amp;chercher=t&amp;dt=LOI&amp;language=fr&amp;fr=f&amp;choix1=ET&amp;choix2=ET&amp;fromtab=loi_all&amp;sql=dt+contains++%27LOI%27+and+dd+%3D+date%271973-07-12%27and+actif+%3D+%27Y%27&amp;ddda=1973&amp;tri=dd+AS+RANK+&amp;trier=promulgation&amp;dddj=12&amp;dddm=07#Art.3bis\">3<\/a>. [<a href=\"https:\/\/www.ejustice.just.fgov.be\/cgi_loi\/loi_a1.pl?imgcn.x=31&amp;imgcn.y=6&amp;DETAIL=1973071234%2FF&amp;caller=list&amp;row_id=1&amp;numero=4&amp;rech=7&amp;cn=1973071234&amp;table_name=LOI&amp;nm=1973A71207&amp;la=F&amp;chercher=t&amp;dt=LOI&amp;language=fr&amp;fr=f&amp;choix1=ET&amp;choix2=ET&amp;fromtab=loi_all&amp;sql=dt+contains++%27LOI%27+and+dd+%3D+date%271973-07-12%27and+actif+%3D+%27Y%27&amp;ddda=1973&amp;tri=dd+AS+RANK+&amp;trier=promulgation&amp;dddj=12&amp;dddm=07#t\"><sup>1<\/sup><\/a>\u00a0\u00a7 1er. Sont int\u00e9gralement prot\u00e9g\u00e9es, \u00e0 tous les stades de leur cycle biologique, les esp\u00e8ces v\u00e9g\u00e9tales :<\/em><br \/>\n<em>\u00a0\u00a01\u00b0 strictement prot\u00e9g\u00e9es en vertu de l&rsquo;annexe IV, point b., de la directive 92\/43\/C.E.E. et de l&rsquo;annexe I de la Convention de Berne, dont la liste est reprise en annexe VI, point a.;<\/em><br \/>\n<em>\u00a0\u00a02\u00b0 menac\u00e9es en Wallonie, dont la liste est reprise en annexe VI, point b.<\/em><\/p>\n<p><em>(&#8230;)\u00a0\u00bb<\/em><\/p>\n<p>L&rsquo;article 5 pr\u00e9cise les possibilit\u00e9s de d\u00e9rogations:<\/p>\n<p><em><a href=\"https:\/\/www.ejustice.just.fgov.be\/cgi_loi\/loi_a1.pl?imgcn.x=31&amp;imgcn.y=6&amp;DETAIL=1973071234%2FF&amp;caller=list&amp;row_id=1&amp;numero=4&amp;rech=7&amp;cn=1973071234&amp;table_name=LOI&amp;nm=1973A71207&amp;la=F&amp;chercher=t&amp;dt=LOI&amp;language=fr&amp;fr=f&amp;choix1=ET&amp;choix2=ET&amp;fromtab=loi_all&amp;sql=dt+contains++%27LOI%27+and+dd+%3D+date%271973-07-12%27and+actif+%3D+%27Y%27&amp;ddda=1973&amp;tri=dd+AS+RANK+&amp;trier=promulgation&amp;dddj=12&amp;dddm=07#Art.4\">\u00ab\u00a0Art.<\/a>\u00a0<a href=\"https:\/\/www.ejustice.just.fgov.be\/cgi_loi\/loi_a1.pl?imgcn.x=31&amp;imgcn.y=6&amp;DETAIL=1973071234%2FF&amp;caller=list&amp;row_id=1&amp;numero=4&amp;rech=7&amp;cn=1973071234&amp;table_name=LOI&amp;nm=1973A71207&amp;la=F&amp;chercher=t&amp;dt=LOI&amp;language=fr&amp;fr=f&amp;choix1=ET&amp;choix2=ET&amp;fromtab=loi_all&amp;sql=dt+contains++%27LOI%27+and+dd+%3D+date%271973-07-12%27and+actif+%3D+%27Y%27&amp;ddda=1973&amp;tri=dd+AS+RANK+&amp;trier=promulgation&amp;dddj=12&amp;dddm=07#Art.5bis\">5<\/a>.[<a href=\"https:\/\/www.ejustice.just.fgov.be\/cgi_loi\/loi_a1.pl?imgcn.x=31&amp;imgcn.y=6&amp;DETAIL=1973071234%2FF&amp;caller=list&amp;row_id=1&amp;numero=4&amp;rech=7&amp;cn=1973071234&amp;table_name=LOI&amp;nm=1973A71207&amp;la=F&amp;chercher=t&amp;dt=LOI&amp;language=fr&amp;fr=f&amp;choix1=ET&amp;choix2=ET&amp;fromtab=loi_all&amp;sql=dt+contains++%27LOI%27+and+dd+%3D+date%271973-07-12%27and+actif+%3D+%27Y%27&amp;ddda=1973&amp;tri=dd+AS+RANK+&amp;trier=promulgation&amp;dddj=12&amp;dddm=07#t\"><sup>1<\/sup><\/a>\u00a0\u00a7 1er. Le Gouvernement peut accorder des d\u00e9rogations aux mesures de protection des esp\u00e8ces animales et v\u00e9g\u00e9tales.<\/em><br \/>\n<em>\u00a0\u00a0Sauf d\u00e9cision contraire du Gouvernement, la d\u00e9rogation accord\u00e9e est individuelle, personnelle et incessible.<\/em><br \/>\n<em>\u00a0\u00a0\u00a7 2<strong>. Pour les esp\u00e8ces d&rsquo;oiseaux, la d\u00e9rogation ne peut \u00eatre accord\u00e9e qu&rsquo;\u00e0 condition qu&rsquo;il n&rsquo;existe pas d&rsquo;autre solution satisfaisante<\/strong> et que la d\u00e9rogation ne mette pas en danger la population d&rsquo;oiseaux concern\u00e9e. Dans ce cas, une d\u00e9rogation peut uniquement \u00eatre accord\u00e9e pour un des motifs suivants :<\/em><br \/>\n<em>\u00a0\u00a01\u00b0 dans l&rsquo;int\u00e9r\u00eat de la sant\u00e9 et de la s\u00e9curit\u00e9 publiques;<\/em><br \/>\n<em>\u00a0\u00a02\u00b0 dans l&rsquo;int\u00e9r\u00eat de la s\u00e9curit\u00e9 a\u00e9rienne;<\/em><br \/>\n<em>\u00a0\u00a03\u00b0 pour pr\u00e9venir les dommages importants aux cultures, au b\u00e9tail, aux for\u00eats, aux p\u00eacheries et aux eaux;<\/em><br \/>\n<em>\u00a0\u00a04\u00b0 pour la protection d&rsquo;esp\u00e8ces animales ou v\u00e9g\u00e9tales sauvages;<\/em><br \/>\n<em>\u00a0\u00a05\u00b0 pour des fins de recherche et d&rsquo;enseignement, de repeuplement, de r\u00e9introduction ainsi que pour l&rsquo;\u00e9levage se rapportant \u00e0 ces actions;<\/em><br \/>\n<em>\u00a0\u00a06\u00b0 pour permettre, dans des conditions strictement contr\u00f4l\u00e9es et de mani\u00e8re s\u00e9lective, la capture, la d\u00e9tention ou toute autre exploitation judicieuse de certains oiseaux en petites quantit\u00e9s.<\/em><br \/>\n<em>\u00a0\u00a0\u00a7 3. Pour les mammif\u00e8res, amphibiens, reptiles, poissons et invert\u00e9br\u00e9s sauvages, ainsi que pour les esp\u00e8ces v\u00e9g\u00e9tales sauvages, la d\u00e9rogation ne peut \u00eatre accord\u00e9e qu&rsquo;\u00e0 condition qu&rsquo;il n&rsquo;existe pas d&rsquo;autre solution satisfaisante et que la d\u00e9rogation ne nuise pas au maintien dans un \u00e9tat de conservation favorable des populations des esp\u00e8ces concern\u00e9es dans leur aire de r\u00e9partition naturelle. Dans ce cas, une d\u00e9rogation peut uniquement \u00eatre accord\u00e9e pour un des motifs suivants :<\/em><br \/>\n<em>\u00a0\u00a01\u00b0 dans l&rsquo;int\u00e9r\u00eat de la protection des esp\u00e8ces animales et v\u00e9g\u00e9tales sauvages et de la conservation des habitats naturels;<\/em><br \/>\n<em>\u00a0\u00a02\u00b0 pour pr\u00e9venir des dommages importants notamment aux cultures, \u00e0 l&rsquo;\u00e9levage, aux for\u00eats, aux p\u00eacheries, aux eaux ou \u00e0 d&rsquo;autres formes de propri\u00e9t\u00e9s;<\/em><br \/>\n<em>\u00a0\u00a03\u00b0 dans l&rsquo;int\u00e9r\u00eat de la sant\u00e9 et de la s\u00e9curit\u00e9 publiques, ou pour d&rsquo;autres raisons imp\u00e9ratives d&rsquo;i<\/em>nt\u00e9r\u00eat public majeur, y compris de nature sociale ou \u00e9conomique, et pour des motifs qui comporteraient des cons\u00e9quences b\u00e9n\u00e9fiques primordiales pour l&rsquo;environnement;<br \/>\n4\u00b0 \u00e0 des fins de recherche et d&rsquo;\u00e9ducation, de repeuplement et de r\u00e9introduction de ces esp\u00e8ces et pour des op\u00e9rations de reproduction n\u00e9cessaires \u00e0 ces fins, y compris la propagation artificielle des plantes;<br \/>\n5\u00b0 pour permettre, dans des conditions strictement contr\u00f4l\u00e9es, d&rsquo;une mani\u00e8re s\u00e9lective et dans une mesure limit\u00e9e, la prise ou la d\u00e9tention d&rsquo;un nombre limit\u00e9 et sp\u00e9cifi\u00e9 par le Gouvernement de certains sp\u00e9cimens des esp\u00e8ces reprises en annexe II, point a.]<a href=\"https:\/\/www.ejustice.just.fgov.be\/cgi_loi\/loi_a1.pl?imgcn.x=31&amp;imgcn.y=6&amp;DETAIL=1973071234%2FF&amp;caller=list&amp;row_id=1&amp;numero=4&amp;rech=7&amp;cn=1973071234&amp;table_name=LOI&amp;nm=1973A71207&amp;la=F&amp;chercher=t&amp;dt=LOI&amp;language=fr&amp;fr=f&amp;choix1=ET&amp;choix2=ET&amp;fromtab=loi_all&amp;sql=dt+contains++%27LOI%27+and+dd+%3D+date%271973-07-12%27and+actif+%3D+%27Y%27&amp;ddda=1973&amp;tri=dd+AS+RANK+&amp;trier=promulgation&amp;dddj=12&amp;dddm=07#t\"><sup>1&Prime;<\/sup><\/a><\/p>\n<p>Les proc\u00e9dures de d\u00e9rogations sont organis\u00e9es par l&rsquo;arr\u00eate du gouvernement wallon du 23 novembre 2003, repris \u00e0 la rubrique \u00ab\u00a0L\u00e9gislation belge\/Wallonie\u00a0\u00bb.<\/p>\n<p>On sera attentif au fait que les<strong> possibilit\u00e9s en mati\u00e8re de d\u00e9rogations quant aux oiseaux sont tr\u00e8s limit\u00e9es,<\/strong> de sorte qu&rsquo;un projet carrier devra en g\u00e9n\u00e9ral prendre en compte des mesures en vue de conserver ou compenser les nuisances pour les oiseaux.<\/p>\n","protected":false},"excerpt":{"rendered":"<p>La base de la mati\u00e8re r\u00e9side dans la loi du 12 juillet 1973, r\u00e9gionalis\u00e9e, sur la conservation de la nature, qui est pr\u00e9sent\u00e9e dans la rubrique \u00ab\u00a0L\u00e9gislation belge\/Wallonie\u00a0\u00bb. L&rsquo;article 2 de la loi vise \u00e0 la protection des oiseaux, dans les termes qui suivent \u00ab\u00a0Art.\u00a02. [1 \u00a7 1er. Sous r\u00e9serve du paragraphe 3, sont int\u00e9gralement &hellip; <\/p>\n<p class=\"link-more\"><a href=\"https:\/\/xn--riveraindecarrire-6sb.be\/index.php\/analyse-juridique-dune-carriere\/elements-danalyse-scientifique-dun-permis-carrier\/analyse-du-volet-biodiversite-dun-projet-carrier\/\" class=\"more-link\">Continuer la lecture<span class=\"screen-reader-text\"> de &laquo;&nbsp;Analyse du volet biodiversit\u00e9 d&rsquo;un projet carrier&nbsp;&raquo;<\/span><\/a><\/p>\n","protected":false},"author":1,"featured_media":0,"parent":4480,"menu_order":4,"comment_status":"closed","ping_status":"closed","template":"","meta":[],"_links":{"self":[{"href":"https:\/\/xn--riveraindecarrire-6sb.be\/index.php\/wp-json\/wp\/v2\/pages\/4981"}],"collection":[{"href":"https:\/\/xn--riveraindecarrire-6sb.be\/index.php\/wp-json\/wp\/v2\/pages"}],"about":[{"href":"https:\/\/xn--riveraindecarrire-6sb.be\/index.php\/wp-json\/wp\/v2\/types\/page"}],"author":[{"embeddable":true,"href":"https:\/\/xn--riveraindecarrire-6sb.be\/index.php\/wp-json\/wp\/v2\/users\/1"}],"replies":[{"embeddable":true,"href":"https:\/\/xn--riveraindecarrire-6sb.be\/index.php\/wp-json\/wp\/v2\/comments?post=4981"}],"version-history":[{"count":10,"href":"https:\/\/xn--riveraindecarrire-6sb.be\/index.php\/wp-json\/wp\/v2\/pages\/4981\/revisions"}],"predecessor-version":[{"id":4993,"href":"https:\/\/xn--riveraindecarrire-6sb.be\/index.php\/wp-json\/wp\/v2\/pages\/4981\/revisions\/4993"}],"up":[{"embeddable":true,"href":"https:\/\/xn--riveraindecarrire-6sb.be\/index.php\/wp-json\/wp\/v2\/pages\/4480"}],"wp:attachment":[{"href":"https:\/\/xn--riveraindecarrire-6sb.be\/index.php\/wp-json\/wp\/v2\/media?parent=4981"}],"curies":[{"name":"wp","href":"https:\/\/api.w.org\/{rel}","templated":true}]}}