{"id":4856,"date":"2023-03-12T08:48:53","date_gmt":"2023-03-12T07:48:53","guid":{"rendered":"https:\/\/xn--riveraindecarrire-6sb.be\/?page_id=4856"},"modified":"2023-03-12T08:48:53","modified_gmt":"2023-03-12T07:48:53","slug":"analyse-des-conditions-dun-permis-carrier","status":"publish","type":"page","link":"https:\/\/xn--riveraindecarrire-6sb.be\/index.php\/analyse-juridique-dune-carriere\/elements-danalyse-dun-permis-carrier\/analyse-des-conditions-dun-permis-carrier\/","title":{"rendered":"Analyse des conditions d&rsquo;un permis carrier"},"content":{"rendered":"<p><strong><u>5\/ En ce qui concerne les conditions dont peuvent \u00eatre assorties un permi<\/u><\/strong><u>s<\/u><\/p>\n<p><u>5.1\/ Principes<\/u><\/p>\n<p>Le conseil d\u2019\u00e9tat indique de jurisprudence constante en mati\u00e8re de conditions pour les permis d\u2019urbanisme:<\/p>\n<p><em>\u00ab\u00a0L\u2019article 123, alin\u00e9a 1er, du CWATUP, alors applicable, permet \u00e0<\/em><br \/>\n<em>l\u2019autorit\u00e9 comp\u00e9tente, sans l\u2019obliger, d\u2019assortir, dans l\u2019exercice de son pouvoir<\/em><br \/>\n<em>d\u2019appr\u00e9ciation, le permis d\u2019urbanisme <strong>de conditions, celles-ci devant \u00eatre pr\u00e9cises et<\/strong><\/em><br \/>\n<strong><em>limit\u00e9es quant \u00e0 leur objet et ne porter que sur des \u00e9l\u00e9ments secondaires et<\/em><\/strong><br \/>\n<strong><em>accessoires. En aucun cas, ces conditions ne peuvent laisser place \u00e0 une appr\u00e9ciation<\/em><\/strong><br \/>\n<strong><em>dans son ex\u00e9cution, ni quant \u00e0 l\u2019opportunit\u00e9 de s\u2019y conformer, ni dans la mani\u00e8re<\/em><\/strong><br \/>\n<em><strong>dont elles doivent \u00eatre ex\u00e9cut\u00e9es.<\/strong> Elles ne peuvent ainsi pas imposer le d\u00e9p\u00f4t de<\/em><br \/>\n<em>plans modificatifs ou compl\u00e9mentaires post\u00e9rieurement \u00e0 la d\u00e9livrance du permis, ou<\/em><br \/>\n<em>se r\u00e9f\u00e9rer \u00e0 un \u00e9v\u00e9nement futur ou incertain ou dont la r\u00e9alisation d\u00e9pend d\u2019un tiers<\/em><br \/>\n<em>ou d\u2019une autre autorit\u00e9. Ces diverses limites \u00e0 l\u2019admissibilit\u00e9 des conditions<\/em><br \/>\n<em>assortissant la d\u00e9livrance d\u2019un permis sont cumulatives de sorte que si une condition<\/em><br \/>\n<em>ne satisfait pas \u00e0 l\u2019une ou \u00e0 l\u2019autre d\u2019entre elles, elle ne peut pas \u00eatre admise.\u00a0\u00bb (CE, Commune de Court-Saint-Etienne, 249.340 du 28 d\u00e9cembre 2020, p. 24).<\/em><\/p>\n<p>Nous estimons que cette position peut \u00eatre suive en mati\u00e8re de permis d\u2019environnement, l\u2019article D.75 \u00a73, 2\u00b0 du livre 1er du code de l\u2019environnement pr\u00e9voyant la possibilit\u00e9 de telles conditions aux permis dans les termes suivants:<\/p>\n<p><em>\u00ab\u00a0\u00a7 3. La d\u00e9cision d\u2019octroi de permis pour des projets soumis \u00e0 \u00e9valuation des incidences sur l\u2019environnement mentionne au moins les informations suivantes :<\/em><\/p>\n<p><em>1\u00b0 la conclusion motiv\u00e9e de l\u2019autorit\u00e9 comp\u00e9tente vis\u00e9e \u00e0 l\u2019article D.71, \u00a7 3, sur les incidences du projet sur l\u2019environnement, tenant compte des r\u00e9sultats de l\u2019examen des informations dans la notice d\u2019\u00e9valuation des incidences sur l\u2019environnement ou dans l\u2019\u00e9tude d\u2019incidences ainsi que des avis recueillis dans le cadre de l\u2019\u00e9valuation des incidences sur l\u2019environnement;<\/em><\/p>\n<p><strong><em>2\u00b0 les \u00e9ventuelles conditions environnementales et\/ou d\u2019exploitation;<\/em><\/strong><\/p>\n<p><em>3\u00b0 une description de toutes les caract\u00e9ristiques du projet ou des mesures envisag\u00e9es pour \u00e9viter, pr\u00e9venir ou r\u00e9duire et, si possible, compenser des incidences n\u00e9gatives notables sur l\u2019environnement, ainsi que, le cas \u00e9ch\u00e9ant, des mesures de suivi.\u00a0\u00bb<\/em><\/p>\n<p><u>5.2\/ En ce qui concerne la motivation quant \u00e0 aux conditions<\/u><\/p>\n<p>Le conseil d\u2019\u00e9tat enseigne:<\/p>\n<p>\u00ab\u00a0(\u2026) Il existe par cons\u00e9quent une contradiction entre le motif de l\u2019acte attaqu\u00e9 selon lequel l\u2019itin\u00e9raire principal va \u00eatre \u00e9rig\u00e9 en condition et le libell\u00e9 de la condition relative aux transporteurs rejoignant l\u2019exploitation, lesquels peuvent choisir entre deux itin\u00e9raires selon qu\u2019ils arrivent de la N4 ou de la N25.\u00a0\u00bb\u00a0<em>(CE, Commune de Court-Saint-Etienne, 249.340 du 28 d\u00e9cembre 2020, p. 26)<\/em><\/p>\n<p><u>5.3\/ En ce qui concerne les conditions inscrites dans les motifs<\/u><\/p>\n<p>Le conseil d\u2019\u00e9tat (CE, 28 octobre 2021, 251.981, Salembier et Trussard, p.33) a \u00e9tonnement r\u00e9cemment valid\u00e9 l\u2019imposition d\u2019une condition non pas dans le dispositif de la d\u00e9cision, mais dans les motifs de celle-ci:<\/p>\n<p><em>\u00ab\u00a0L\u2019article 1er du dispositif de l\u2019acte attaqu\u00e9 pr\u00e9voit, au titre de condition<\/em><br \/>\n<em>assortissant le permis d\u2019urbanisme litigieux, l\u2019exigence de \u00ab mettre en \u0153uvre le plan<\/em><br \/>\n<em>paysager vers\u00e9 au dossier (planche 5\/5) dans l\u2019ann\u00e9e suivant l\u2019ach\u00e8vement des<\/em><br \/>\n<em>travaux \u00bb. Par contre, il n\u2019y est pr\u00e9vu aucune condition concernant la grande baie de<\/em><br \/>\n<em>la cage d\u2019escalier situ\u00e9e au premier \u00e9tage.<\/em><br \/>\n<em>XIII \u2013 8794 \u2013 33\/35<\/em><br \/>\n<em>Par ces motifs, l\u2019auteur de l\u2019acte attaqu\u00e9 admet que la grande baie de la<\/em><br \/>\n<em>cage d\u2019escalier situ\u00e9e au premier \u00e9tage du projet litigieux peut emporter une g\u00eane<\/em><br \/>\n<em>pour certains voisins. Il est d\u2019avis que deux am\u00e9nagements sont de nature \u00e0 limiter<\/em><br \/>\n<em>les vues depuis cette baie vers les parcelles voisines, s\u2019agissant soit de la diminution<\/em><br \/>\n<em>de moiti\u00e9 de la largeur de la baie concern\u00e9e, soit du sablage de cette baie.<\/em><br \/>\n<em>Interpr\u00e9t\u00e9 dans un sens favorable \u00e0 la l\u00e9galit\u00e9 de l\u2019acte, l\u2019usage du<\/em><br \/>\n<em>conditionnel par l\u2019autorit\u00e9 doit se comprendre comme portant non pas sur<\/em><br \/>\n<em>l\u2019opportunit\u00e9 d\u2019imposer un de deux am\u00e9nagements \u00e9voqu\u00e9s mais uniquement sur le<\/em><br \/>\n<em>choix de ceux-ci.<\/em><br \/>\n<strong><em>S\u2019il e\u00fbt \u00e9t\u00e9 judicieux de rappeler dans le dispositif que les b\u00e9n\u00e9ficiaires<\/em><\/strong><br \/>\n<strong><em>du permis \u00e9taient tenus de mettre en \u0153uvre l\u2019une de ces deux solutions, les motifs de<\/em><\/strong><br \/>\n<strong><em>l\u2019acte attaqu\u00e9 permettent n\u00e9anmoins de conclure, nonobstant la teneur du m\u00e9moire<\/em><\/strong><br \/>\n<strong><em>en intervention, que l\u2019auteur de l\u2019acte attaqu\u00e9 a entendu assortir sa d\u00e9cision d\u2019une<\/em><\/strong><br \/>\n<strong><em>telle condition.\u00a0\u00bb<\/em><\/strong><\/p>\n<p>Le conseil d\u2019\u00e9tat ajoute de plus quant \u00e0 la condition\u2026<\/p>\n<p><em>\u00ab\u00a0Pour le surplus, le moyen ne critique pas la l\u00e9galit\u00e9 de cette condition en<\/em><br \/>\n<em>tant qu\u2019elle laisserait \u00e0 son destinataire le choix quant \u00e0 l\u2019une des deux mesures \u00e0<\/em><br \/>\n<em>mettre en \u0153uvre afin de r\u00e9pondre aux griefs des riverains.\u00a0\u00bb<\/em><\/p>\n","protected":false},"excerpt":{"rendered":"<p>5\/ En ce qui concerne les conditions dont peuvent \u00eatre assorties un permis 5.1\/ Principes Le conseil d\u2019\u00e9tat indique de jurisprudence constante en mati\u00e8re de conditions pour les permis d\u2019urbanisme: \u00ab\u00a0L\u2019article 123, alin\u00e9a 1er, du CWATUP, alors applicable, permet \u00e0 l\u2019autorit\u00e9 comp\u00e9tente, sans l\u2019obliger, d\u2019assortir, dans l\u2019exercice de son pouvoir d\u2019appr\u00e9ciation, le permis d\u2019urbanisme de &hellip; <\/p>\n<p class=\"link-more\"><a href=\"https:\/\/xn--riveraindecarrire-6sb.be\/index.php\/analyse-juridique-dune-carriere\/elements-danalyse-dun-permis-carrier\/analyse-des-conditions-dun-permis-carrier\/\" class=\"more-link\">Continuer la lecture<span class=\"screen-reader-text\"> de &laquo;&nbsp;Analyse des conditions d&rsquo;un permis carrier&nbsp;&raquo;<\/span><\/a><\/p>\n","protected":false},"author":1,"featured_media":0,"parent":2239,"menu_order":6,"comment_status":"closed","ping_status":"closed","template":"","meta":[],"_links":{"self":[{"href":"https:\/\/xn--riveraindecarrire-6sb.be\/index.php\/wp-json\/wp\/v2\/pages\/4856"}],"collection":[{"href":"https:\/\/xn--riveraindecarrire-6sb.be\/index.php\/wp-json\/wp\/v2\/pages"}],"about":[{"href":"https:\/\/xn--riveraindecarrire-6sb.be\/index.php\/wp-json\/wp\/v2\/types\/page"}],"author":[{"embeddable":true,"href":"https:\/\/xn--riveraindecarrire-6sb.be\/index.php\/wp-json\/wp\/v2\/users\/1"}],"replies":[{"embeddable":true,"href":"https:\/\/xn--riveraindecarrire-6sb.be\/index.php\/wp-json\/wp\/v2\/comments?post=4856"}],"version-history":[{"count":1,"href":"https:\/\/xn--riveraindecarrire-6sb.be\/index.php\/wp-json\/wp\/v2\/pages\/4856\/revisions"}],"predecessor-version":[{"id":4857,"href":"https:\/\/xn--riveraindecarrire-6sb.be\/index.php\/wp-json\/wp\/v2\/pages\/4856\/revisions\/4857"}],"up":[{"embeddable":true,"href":"https:\/\/xn--riveraindecarrire-6sb.be\/index.php\/wp-json\/wp\/v2\/pages\/2239"}],"wp:attachment":[{"href":"https:\/\/xn--riveraindecarrire-6sb.be\/index.php\/wp-json\/wp\/v2\/media?parent=4856"}],"curies":[{"name":"wp","href":"https:\/\/api.w.org\/{rel}","templated":true}]}}