{"id":4853,"date":"2023-03-12T08:47:13","date_gmt":"2023-03-12T07:47:13","guid":{"rendered":"https:\/\/xn--riveraindecarrire-6sb.be\/?page_id=4853"},"modified":"2023-03-12T08:51:16","modified_gmt":"2023-03-12T07:51:16","slug":"analyse-des-instance-a-consulter","status":"publish","type":"page","link":"https:\/\/xn--riveraindecarrire-6sb.be\/index.php\/analyse-juridique-dune-carriere\/elements-danalyse-dun-permis-carrier\/analyse-des-instance-a-consulter\/","title":{"rendered":"Analyse des instances \u00e0 consulter"},"content":{"rendered":"<p><u><strong>4\/ En ce qui concerne les instances&nbsp; \u00e0 consulter<\/strong><\/u><\/p>\n<p><u>4.1\/ En ce qui concerne les instances \u00e0 consulter quant au projet de base<\/u><\/p>\n<p>Le conseil d\u2019\u00e9tat indique:<\/p>\n<p><em>\u00ab&nbsp;Il est constant qu\u2019afin de statuer de fa\u00e7on \u00e9clair\u00e9e, l\u2019autorit\u00e9<\/em><br \/>\n<em>administrative est tenue de solliciter les avis que les normes l\u00e9gislatives ou<\/em><br \/>\n<em>r\u00e9glementaires lui imposent de recueillir. Elle peut \u00e9galement, si elle s\u2019estime<\/em><br \/>\n<em>insuffisamment inform\u00e9e, proc\u00e9der d\u2019initiative \u00e0 d\u2019autres consultations. L\u2019autorit\u00e9<\/em><br \/>\n<em>doit par ailleurs permettre aux administr\u00e9s de comprendre, par les motivations<\/em><br \/>\n<em>mat\u00e9rielle et formelle de ses actes, pour quelles raisons elle a d\u00e9cid\u00e9 dans un sens<\/em><br \/>\n<em>d\u00e9termin\u00e9. Cette obligation s\u2019impose \u00e9galement lorsque la consultation \u00e0 laquelle<\/em><br \/>\n<em>l\u2019auteur d\u2019une d\u00e9cision administrative a proc\u00e9d\u00e9, est facultative. En effet, lorsque<\/em><br \/>\n<em>celle-ci sollicite un avis, elle doit le prendre en consid\u00e9ration quand bien m\u00eame elle<\/em><br \/>\n<em>n\u2019\u00e9tait pas tenue de le demander.&nbsp;\u00bb<\/em>&nbsp;(CE, Lenoir, 252405 du 13 d\u00e9cembre 2021, p.6)<\/p>\n<p><u>4.2\/ En ce qui concerne les instances \u00e0 consulter en cas de modification du projet<\/u><\/p>\n<p>Le conseil d\u2019\u00e9tat a indiqu\u00e9 r\u00e9cemment quant \u00e0 une modification du projet:<\/p>\n<p><em>\u00ab&nbsp;L\u2019acte attaqu\u00e9 n\u2019indique pas pour quel motif autre que \u00ab le peu de<\/em><br \/>\n<em>modifications apport\u00e9es au projet \u00bb son auteur a d\u00e9cid\u00e9 de ne pas revenir vers la<\/em><br \/>\n<em>CCATM avec les plans modifi\u00e9s, alors qu\u2019il avait initialement d\u00e9cid\u00e9 de proc\u00e9der \u00e0<\/em><br \/>\n<em>sa consultation. Cette absence est d\u2019autant plus difficilement compr\u00e9hensible que<\/em><br \/>\n<em>l\u2019autorit\u00e9 a organis\u00e9 une nouvelle enqu\u00eate publique \u00e0 la suite du d\u00e9p\u00f4t des plans<\/em><br \/>\n<em>XIII \u2013 8359 \u2013 7\/15 modificatifs et que les r\u00e9serves formul\u00e9es par la CCATM, s\u2019estimant<\/em><br \/>\n<em>insuffisamment inform\u00e9e sur le projet pris dans sa globalit\u00e9, \u00e9taient fond\u00e9es<\/em>.&nbsp;\u00bb(CE, Lenoir, 252405 du 13 d\u00e9cembre 2021, p.6)<\/p>\n","protected":false},"excerpt":{"rendered":"<p>4\/ En ce qui concerne les instances&nbsp; \u00e0 consulter 4.1\/ En ce qui concerne les instances \u00e0 consulter quant au projet de base Le conseil d\u2019\u00e9tat indique: \u00ab&nbsp;Il est constant qu\u2019afin de statuer de fa\u00e7on \u00e9clair\u00e9e, l\u2019autorit\u00e9 administrative est tenue de solliciter les avis que les normes l\u00e9gislatives ou r\u00e9glementaires lui imposent de recueillir. Elle &hellip; <\/p>\n<p class=\"link-more\"><a href=\"https:\/\/xn--riveraindecarrire-6sb.be\/index.php\/analyse-juridique-dune-carriere\/elements-danalyse-dun-permis-carrier\/analyse-des-instance-a-consulter\/\" class=\"more-link\">Continuer la lecture<span class=\"screen-reader-text\"> de &laquo;&nbsp;Analyse des instances \u00e0 consulter&nbsp;&raquo;<\/span><\/a><\/p>\n","protected":false},"author":1,"featured_media":0,"parent":2239,"menu_order":5,"comment_status":"closed","ping_status":"closed","template":"","meta":[],"_links":{"self":[{"href":"https:\/\/xn--riveraindecarrire-6sb.be\/index.php\/wp-json\/wp\/v2\/pages\/4853"}],"collection":[{"href":"https:\/\/xn--riveraindecarrire-6sb.be\/index.php\/wp-json\/wp\/v2\/pages"}],"about":[{"href":"https:\/\/xn--riveraindecarrire-6sb.be\/index.php\/wp-json\/wp\/v2\/types\/page"}],"author":[{"embeddable":true,"href":"https:\/\/xn--riveraindecarrire-6sb.be\/index.php\/wp-json\/wp\/v2\/users\/1"}],"replies":[{"embeddable":true,"href":"https:\/\/xn--riveraindecarrire-6sb.be\/index.php\/wp-json\/wp\/v2\/comments?post=4853"}],"version-history":[{"count":2,"href":"https:\/\/xn--riveraindecarrire-6sb.be\/index.php\/wp-json\/wp\/v2\/pages\/4853\/revisions"}],"predecessor-version":[{"id":4861,"href":"https:\/\/xn--riveraindecarrire-6sb.be\/index.php\/wp-json\/wp\/v2\/pages\/4853\/revisions\/4861"}],"up":[{"embeddable":true,"href":"https:\/\/xn--riveraindecarrire-6sb.be\/index.php\/wp-json\/wp\/v2\/pages\/2239"}],"wp:attachment":[{"href":"https:\/\/xn--riveraindecarrire-6sb.be\/index.php\/wp-json\/wp\/v2\/media?parent=4853"}],"curies":[{"name":"wp","href":"https:\/\/api.w.org\/{rel}","templated":true}]}}