{"id":4840,"date":"2023-03-12T08:30:22","date_gmt":"2023-03-12T07:30:22","guid":{"rendered":"https:\/\/xn--riveraindecarrire-6sb.be\/?page_id=4840"},"modified":"2023-03-12T08:55:22","modified_gmt":"2023-03-12T07:55:22","slug":"introduction-a-lanalyse-juridique-dun-permis-carrier","status":"publish","type":"page","link":"https:\/\/xn--riveraindecarrire-6sb.be\/index.php\/analyse-juridique-dune-carriere\/elements-danalyse-dun-permis-carrier\/introduction-a-lanalyse-juridique-dun-permis-carrier\/","title":{"rendered":"Introduction \u00e0 l&rsquo;analyse juridique d&rsquo;un permis carrier"},"content":{"rendered":"<p>La pr\u00e9sente section vise \u00e0 passer en revue les \u00e9l\u00e9ments juridiques importants d&rsquo;un permis carrier<\/p>\n\n\n<p><\/p>\n","protected":false},"excerpt":{"rendered":"<p>La pr\u00e9sente section vise \u00e0 passer en revue les \u00e9l\u00e9ments juridiques importants d&rsquo;un permis carrier<\/p>\n","protected":false},"author":1,"featured_media":0,"parent":2239,"menu_order":0,"comment_status":"closed","ping_status":"closed","template":"","meta":[],"_links":{"self":[{"href":"https:\/\/xn--riveraindecarrire-6sb.be\/index.php\/wp-json\/wp\/v2\/pages\/4840"}],"collection":[{"href":"https:\/\/xn--riveraindecarrire-6sb.be\/index.php\/wp-json\/wp\/v2\/pages"}],"about":[{"href":"https:\/\/xn--riveraindecarrire-6sb.be\/index.php\/wp-json\/wp\/v2\/types\/page"}],"author":[{"embeddable":true,"href":"https:\/\/xn--riveraindecarrire-6sb.be\/index.php\/wp-json\/wp\/v2\/users\/1"}],"replies":[{"embeddable":true,"href":"https:\/\/xn--riveraindecarrire-6sb.be\/index.php\/wp-json\/wp\/v2\/comments?post=4840"}],"version-history":[{"count":2,"href":"https:\/\/xn--riveraindecarrire-6sb.be\/index.php\/wp-json\/wp\/v2\/pages\/4840\/revisions"}],"predecessor-version":[{"id":4863,"href":"https:\/\/xn--riveraindecarrire-6sb.be\/index.php\/wp-json\/wp\/v2\/pages\/4840\/revisions\/4863"}],"up":[{"embeddable":true,"href":"https:\/\/xn--riveraindecarrire-6sb.be\/index.php\/wp-json\/wp\/v2\/pages\/2239"}],"wp:attachment":[{"href":"https:\/\/xn--riveraindecarrire-6sb.be\/index.php\/wp-json\/wp\/v2\/media?parent=4840"}],"curies":[{"name":"wp","href":"https:\/\/api.w.org\/{rel}","templated":true}]}}