{"id":4836,"date":"2023-03-12T08:25:52","date_gmt":"2023-03-12T07:25:52","guid":{"rendered":"https:\/\/xn--riveraindecarrire-6sb.be\/?page_id=4836"},"modified":"2023-03-12T08:40:28","modified_gmt":"2023-03-12T07:40:28","slug":"analyse-de-la-motivation-dun-permis-carrier","status":"publish","type":"page","link":"https:\/\/xn--riveraindecarrire-6sb.be\/index.php\/analyse-juridique-dune-carriere\/elements-danalyse-dun-permis-carrier\/analyse-de-la-motivation-dun-permis-carrier\/","title":{"rendered":"Analyse de la motivation d&rsquo;un permis carrier"},"content":{"rendered":"<p><strong><u>1\/ En ce qui concerne la motivation<\/u><\/strong><\/p>\n<p>L\u2019examen de la l\u00e9galit\u00e9 de la motivation doit se faire \u00e0 deux niveaux<\/p>\n<ul>\n<li>Au niveau de la l\u00e9galit\u00e9 externe, en examinant la motivation formelle<\/li>\n<li>Au niveau de la l\u00e9galit\u00e9 interne, en examinant certains aspects du fond de la motivation, sans pour autant aller jusqu\u2019\u00e0 un contr\u00f4le d\u2019opportunit\u00e9 de la d\u00e9cision administrative prise<\/li>\n<\/ul>\n<p>On trouvera ci-apr\u00e8s diff\u00e9rents \u00e9l\u00e9ments d\u2019analyse d\u2019un permis carrier, dans le cadre plus large de l\u2019analyse d\u2019un permis en g\u00e9n\u00e9ral<\/p>\n<p><u>1.1\/ L\u00e9galit\u00e9 externe de la motivation<\/u><\/p>\n<p>On rappellera que l\u2019acte administratif unilat\u00e9ral \u00e0 titre individuel doit \u00eatre motiv\u00e9 en la forme, en application de la loi du&nbsp; 29 juillet 1991, la motivation devant \u00eatre ad\u00e9quate (D. Reynders, Droit administratif g\u00e9n\u00e9ral, 1\u00e8re \u00e9dition, Larcier, 2015, p. 326)<\/p>\n<p>La notion d\u2019ad\u00e9quation renvoie au caract\u00e8re proportionn\u00e9 de la motivation en fonction de l\u2019ampleur et de la complexit\u00e9 de l\u2019affaire, sans regarder n\u00e9cessairement le fond.<\/p>\n<p>Le conseil d\u2019\u00e9tat enseigne \u00e0 cet effet:<\/p>\n<p><em>\u00ab&nbsp;Pour satisfaire aux exigences des articles 2 et 3 de la loi du 29 juillet<\/em><br \/>\n<em>1991 relative \u00e0 la motivation formelle des actes administratifs, tout acte administratif<\/em><br \/>\n<em>\u00e0 port\u00e9e individuelle doit faire l\u2019objet d\u2019une motivation formelle, laquelle consiste<\/em><br \/>\n<em>en l\u2019indication, dans l\u2019acte, des consid\u00e9rations de droit et de fait servant de<\/em><br \/>\n<em>fondement \u00e0 la d\u00e9cision. Cette motivation doit permettre aux int\u00e9ress\u00e9s de<\/em><br \/>\n<em>comprendre les raisons fondant la d\u00e9cision et de v\u00e9rifier qu\u2019elle a \u00e9t\u00e9 pr\u00e9c\u00e9d\u00e9e d\u2019un<\/em><br \/>\n<em>examen des circonstances de l\u2019esp\u00e8ce.&nbsp;\u00bb<\/em>&nbsp;(CE, Landroux, 252.245, 29 novembre 2021)<\/p>\n<p><u>1.2\/ L\u00e9galit\u00e9 interne de la motivation<\/u><\/p>\n<p>Le contr\u00f4le de l\u00e9galit\u00e9 interne a pour objectif d\u2019examiner&nbsp; l\u2019obligation pour tout acte administratif de reposer sur des motifs qui doivent \u00eatre exacts, pertinents et admissibles en droit (Ann Lawrence Durviaux, <em>Principes de droit administratif<\/em>, Tome 1, L\u2019action publique, 2\u00e8me \u00e9dition, Larcier, 2018, p. 50).<\/p>\n<p>Un exemple de libell\u00e9 de moyen nous est donn\u00e9 en page 21 de l\u2019arr\u00eat du conseil d\u2019\u00e9tat n\u00b0249.340&nbsp; du 21 d\u00e9cembre 2020, en cause Commune de Court-Saint-Etienne:<\/p>\n<p>\u00ab&nbsp;<em>Le deuxi\u00e8me moyen est pris de la violation de l\u2019article 123 du<\/em><br \/>\n<em>CWATUP, des articles 1er \u00e0 3 de la loi du 29 juillet 1991 relative \u00e0 la motivation<\/em><br \/>\n<em>formelle des actes administratifs, du principe de motivation interne de l\u2019acte, de<\/em><br \/>\n<em>l\u2019effet utile de l\u2019enqu\u00eate publique et du principe g\u00e9n\u00e9ral de droit selon lequel tout<\/em><br \/>\n<em>acte administratif doit reposer sur des motifs l\u00e9galement admissibles et conformes \u00e0<\/em><br \/>\n<em>la r\u00e9alit\u00e9, ainsi que de l\u2019erreur manifeste d\u2019appr\u00e9ciation, de l\u2019absence, de l\u2019erreur et<\/em><br \/>\n<em>de l\u2019insuffisance ou de la contrari\u00e9t\u00e9 dans les causes ou les motifs.&nbsp;\u00bb<\/em><\/p>\n","protected":false},"excerpt":{"rendered":"<p>1\/ En ce qui concerne la motivation L\u2019examen de la l\u00e9galit\u00e9 de la motivation doit se faire \u00e0 deux niveaux Au niveau de la l\u00e9galit\u00e9 externe, en examinant la motivation formelle Au niveau de la l\u00e9galit\u00e9 interne, en examinant certains aspects du fond de la motivation, sans pour autant aller jusqu\u2019\u00e0 un contr\u00f4le d\u2019opportunit\u00e9 de &hellip; <\/p>\n<p class=\"link-more\"><a href=\"https:\/\/xn--riveraindecarrire-6sb.be\/index.php\/analyse-juridique-dune-carriere\/elements-danalyse-dun-permis-carrier\/analyse-de-la-motivation-dun-permis-carrier\/\" class=\"more-link\">Continuer la lecture<span class=\"screen-reader-text\"> de &laquo;&nbsp;Analyse de la motivation d&rsquo;un permis carrier&nbsp;&raquo;<\/span><\/a><\/p>\n","protected":false},"author":1,"featured_media":0,"parent":2239,"menu_order":1,"comment_status":"closed","ping_status":"closed","template":"","meta":[],"_links":{"self":[{"href":"https:\/\/xn--riveraindecarrire-6sb.be\/index.php\/wp-json\/wp\/v2\/pages\/4836"}],"collection":[{"href":"https:\/\/xn--riveraindecarrire-6sb.be\/index.php\/wp-json\/wp\/v2\/pages"}],"about":[{"href":"https:\/\/xn--riveraindecarrire-6sb.be\/index.php\/wp-json\/wp\/v2\/types\/page"}],"author":[{"embeddable":true,"href":"https:\/\/xn--riveraindecarrire-6sb.be\/index.php\/wp-json\/wp\/v2\/users\/1"}],"replies":[{"embeddable":true,"href":"https:\/\/xn--riveraindecarrire-6sb.be\/index.php\/wp-json\/wp\/v2\/comments?post=4836"}],"version-history":[{"count":3,"href":"https:\/\/xn--riveraindecarrire-6sb.be\/index.php\/wp-json\/wp\/v2\/pages\/4836\/revisions"}],"predecessor-version":[{"id":4850,"href":"https:\/\/xn--riveraindecarrire-6sb.be\/index.php\/wp-json\/wp\/v2\/pages\/4836\/revisions\/4850"}],"up":[{"embeddable":true,"href":"https:\/\/xn--riveraindecarrire-6sb.be\/index.php\/wp-json\/wp\/v2\/pages\/2239"}],"wp:attachment":[{"href":"https:\/\/xn--riveraindecarrire-6sb.be\/index.php\/wp-json\/wp\/v2\/media?parent=4836"}],"curies":[{"name":"wp","href":"https:\/\/api.w.org\/{rel}","templated":true}]}}