{"id":4538,"date":"2023-01-29T13:34:16","date_gmt":"2023-01-29T12:34:16","guid":{"rendered":"https:\/\/xn--riveraindecarrire-6sb.be\/?page_id=4538"},"modified":"2023-01-29T16:38:02","modified_gmt":"2023-01-29T15:38:02","slug":"introduction-2","status":"publish","type":"page","link":"https:\/\/xn--riveraindecarrire-6sb.be\/index.php\/introduction-2\/","title":{"rendered":"Introduction"},"content":{"rendered":"<p>La pr\u00e9sente section vise \u00e0 permettre l&rsquo;analyse scientifique d&rsquo;un permis carrier \u00e0 partir du contenu de la notice d&rsquo;\u00e9valuation des incidences sur l&rsquo;environnement (NEIE) ou de l&rsquo;\u00e9tude des incidences sur l&rsquo;environnement (EIE)\u00a0 en rapport avec ce qui aura \u00e9t\u00e9 d\u00e9cid\u00e9 par l&rsquo;autorit\u00e9 dans le permis.<\/p>\n<p>Nous appellerons de mani\u00e8re g\u00e9n\u00e9rique la notice d&rsquo;\u00e9valuation des incidences sur l&rsquo;environnement (NEIE) ou de l&rsquo;\u00e9tude des incidences sur l&rsquo;environnement (EIE) les documents d&rsquo;\u00e9valuation des incidence sur l&rsquo;environnement, soit les DEIE.<\/p>\n<p>A cet \u00e9gard, on pourra se r\u00e9f\u00e9rer \u00e0 l&rsquo;analyse juridique d&rsquo;un permis carrier pour examiner l&rsquo;admissibilit\u00e9 des justifications que l&rsquo;autorit\u00e9 aura pu donner quant \u00e0 d&rsquo;\u00e9ventuelles lacunes de la NEIE\/l&rsquo;EIE ou \u00e0 des \u00e9carts que le permis carrier pourrait pr\u00e9voir quant \u00e0 ces documents.<\/p>\n","protected":false},"excerpt":{"rendered":"<p>La pr\u00e9sente section vise \u00e0 permettre l&rsquo;analyse scientifique d&rsquo;un permis carrier \u00e0 partir du contenu de la notice d&rsquo;\u00e9valuation des incidences sur l&rsquo;environnement (NEIE) ou de l&rsquo;\u00e9tude des incidences sur l&rsquo;environnement (EIE)\u00a0 en rapport avec ce qui aura \u00e9t\u00e9 d\u00e9cid\u00e9 par l&rsquo;autorit\u00e9 dans le permis. Nous appellerons de mani\u00e8re g\u00e9n\u00e9rique la notice d&rsquo;\u00e9valuation des incidences &hellip; <\/p>\n<p class=\"link-more\"><a href=\"https:\/\/xn--riveraindecarrire-6sb.be\/index.php\/introduction-2\/\" class=\"more-link\">Continuer la lecture<span class=\"screen-reader-text\"> de &laquo;&nbsp;Introduction&nbsp;&raquo;<\/span><\/a><\/p>\n","protected":false},"author":1,"featured_media":0,"parent":0,"menu_order":0,"comment_status":"closed","ping_status":"closed","template":"","meta":[],"_links":{"self":[{"href":"https:\/\/xn--riveraindecarrire-6sb.be\/index.php\/wp-json\/wp\/v2\/pages\/4538"}],"collection":[{"href":"https:\/\/xn--riveraindecarrire-6sb.be\/index.php\/wp-json\/wp\/v2\/pages"}],"about":[{"href":"https:\/\/xn--riveraindecarrire-6sb.be\/index.php\/wp-json\/wp\/v2\/types\/page"}],"author":[{"embeddable":true,"href":"https:\/\/xn--riveraindecarrire-6sb.be\/index.php\/wp-json\/wp\/v2\/users\/1"}],"replies":[{"embeddable":true,"href":"https:\/\/xn--riveraindecarrire-6sb.be\/index.php\/wp-json\/wp\/v2\/comments?post=4538"}],"version-history":[{"count":5,"href":"https:\/\/xn--riveraindecarrire-6sb.be\/index.php\/wp-json\/wp\/v2\/pages\/4538\/revisions"}],"predecessor-version":[{"id":4544,"href":"https:\/\/xn--riveraindecarrire-6sb.be\/index.php\/wp-json\/wp\/v2\/pages\/4538\/revisions\/4544"}],"wp:attachment":[{"href":"https:\/\/xn--riveraindecarrire-6sb.be\/index.php\/wp-json\/wp\/v2\/media?parent=4538"}],"curies":[{"name":"wp","href":"https:\/\/api.w.org\/{rel}","templated":true}]}}