{"id":4483,"date":"2023-01-29T12:00:23","date_gmt":"2023-01-29T11:00:23","guid":{"rendered":"https:\/\/xn--riveraindecarrire-6sb.be\/?page_id=4483"},"modified":"2023-05-23T17:50:38","modified_gmt":"2023-05-23T15:50:38","slug":"respect-dun-permis-carrier-2","status":"publish","type":"page","link":"https:\/\/xn--riveraindecarrire-6sb.be\/index.php\/analyse-juridique-dune-carriere\/respect-dun-permis-carrier-2\/","title":{"rendered":"Respect d&rsquo;un permis carrier"},"content":{"rendered":"<p>Afin de faire cesser les manquements au respect d&rsquo;un permis carrer, on avance souvent comme fondement l\u00e9gal une demande de r\u00e9paration du pr\u00e9judice subi au sens des articles 1382 et svts de l&rsquo;ancien code civil.<\/p>\n<p>C&rsquo;est une erreur de raisonnement.<\/p>\n<p>La demande de respect&nbsp; d&rsquo;un permis carrier est une demande d&rsquo;ex\u00e9cution de l&rsquo;obligation extracontractuelle qui trouve son origine dans le permis carrier, \u00e0 l&rsquo;instar de la demande d&rsquo;ex\u00e9cution d&rsquo;une obligation contractuelle qui trouverait son origine dans un contrat qui ne serait pas ex\u00e9cut\u00e9.<\/p>\n<p>Il s&rsquo;agit d&rsquo;une mesure de r\u00e9tablissement et non de r\u00e9paration.<\/p>\n<p>Nous pouvons citer \u00e0 cet \u00e9gard Sebastien de Rey (La r\u00e9paration en nature dans les deux ordres de la responsabilit\u00e9 civile in Les rapports entre responsabilit\u00e9 contractuelle et responsabilit\u00e9 extracontractuelle, Anth\u00e9mis, CUP n\u00b0198, 2020, p. 134):<\/p>\n<p><em>\u00ab\u00a0Pour les obligations contractuelles inex\u00e9cut\u00e9es, le r\u00e9tablissement se traduit par l&rsquo;ex\u00e9cution en nature, et pour les devoir viol\u00e9s par la cessation de l&rsquo;acte illicite\u00a0\u00bb<\/em><\/p>\n<p>On rappellera que la condition pour pouvoir introduire une action en r\u00e9tablissent est d&rsquo;avoir un int\u00e9r\u00eat \u00e0 cette demande.<\/p>\n<p>La doctrine d\u00e9finit l&rsquo;int\u00e9r\u00eat \u00e0 agir comme suit:<\/p>\n<p><strong>Tout avantage, mat\u00e9riel ou moral, effectif mais non th\u00e9orique que le demandeur peut retirer de la demande au moment o\u00f9 il la forme<\/strong><a href=\"#_ftn1\" name=\"_ftnref1\">[1]<\/a>.<\/p>\n<p><a href=\"#_ftnref1\" name=\"_ftn1\">[1]<\/a> G. DE LEVAL, <em>El\u00e9ments de proc\u00e9dure civile<\/em>, Bruxelles, Larcier, 2005, p. 15.<\/p>\n<p>Seul un demandeur impact\u00e9 par la violation d&rsquo;un permis carrier peut d\u00e8s lors introduire une mesure de r\u00e9tablissement.<\/p>\n<p>On terminera en pr\u00e9cisant qu&rsquo;il est tout&nbsp; fait possible de combiner une demande de r\u00e9tablissement avec une demande de r\u00e9paration qui est distincte.<\/p>\n<p>Tel serait le cas par exemple d&rsquo;un d\u00e9versement ill\u00e9gal de st\u00e9riles le long d&rsquo;un riverain.<br \/>\nLa demande en r\u00e9tablissement visera \u00e0 faire cesser les d\u00e9versements, tandis que la demande en r\u00e9paration pourrait viser le nettoyage des immeubles riverains souill\u00e9s.<\/p>\n<p>&lsquo;<\/p>\n","protected":false},"excerpt":{"rendered":"<p>Afin de faire cesser les manquements au respect d&rsquo;un permis carrer, on avance souvent comme fondement l\u00e9gal une demande de r\u00e9paration du pr\u00e9judice subi au sens des articles 1382 et svts de l&rsquo;ancien code civil. C&rsquo;est une erreur de raisonnement. La demande de respect&nbsp; d&rsquo;un permis carrier est une demande d&rsquo;ex\u00e9cution de l&rsquo;obligation extracontractuelle qui &hellip; <\/p>\n<p class=\"link-more\"><a href=\"https:\/\/xn--riveraindecarrire-6sb.be\/index.php\/analyse-juridique-dune-carriere\/respect-dun-permis-carrier-2\/\" class=\"more-link\">Continuer la lecture<span class=\"screen-reader-text\"> de &laquo;&nbsp;Respect d&rsquo;un permis carrier&nbsp;&raquo;<\/span><\/a><\/p>\n","protected":false},"author":1,"featured_media":0,"parent":2227,"menu_order":0,"comment_status":"closed","ping_status":"closed","template":"","meta":[],"_links":{"self":[{"href":"https:\/\/xn--riveraindecarrire-6sb.be\/index.php\/wp-json\/wp\/v2\/pages\/4483"}],"collection":[{"href":"https:\/\/xn--riveraindecarrire-6sb.be\/index.php\/wp-json\/wp\/v2\/pages"}],"about":[{"href":"https:\/\/xn--riveraindecarrire-6sb.be\/index.php\/wp-json\/wp\/v2\/types\/page"}],"author":[{"embeddable":true,"href":"https:\/\/xn--riveraindecarrire-6sb.be\/index.php\/wp-json\/wp\/v2\/users\/1"}],"replies":[{"embeddable":true,"href":"https:\/\/xn--riveraindecarrire-6sb.be\/index.php\/wp-json\/wp\/v2\/comments?post=4483"}],"version-history":[{"count":2,"href":"https:\/\/xn--riveraindecarrire-6sb.be\/index.php\/wp-json\/wp\/v2\/pages\/4483\/revisions"}],"predecessor-version":[{"id":4713,"href":"https:\/\/xn--riveraindecarrire-6sb.be\/index.php\/wp-json\/wp\/v2\/pages\/4483\/revisions\/4713"}],"up":[{"embeddable":true,"href":"https:\/\/xn--riveraindecarrire-6sb.be\/index.php\/wp-json\/wp\/v2\/pages\/2227"}],"wp:attachment":[{"href":"https:\/\/xn--riveraindecarrire-6sb.be\/index.php\/wp-json\/wp\/v2\/media?parent=4483"}],"curies":[{"name":"wp","href":"https:\/\/api.w.org\/{rel}","templated":true}]}}