{"id":4477,"date":"2023-01-29T11:55:09","date_gmt":"2023-01-29T10:55:09","guid":{"rendered":"https:\/\/xn--riveraindecarrire-6sb.be\/?page_id=4477"},"modified":"2023-05-07T08:57:49","modified_gmt":"2023-05-07T06:57:49","slug":"calcul-des-vibrations-des-tirs-de-mines","status":"publish","type":"page","link":"https:\/\/xn--riveraindecarrire-6sb.be\/index.php\/doctrine\/calcul-des-vibrations-des-tirs-de-mines\/","title":{"rendered":"Calcul des vibrations des tirs de mines"},"content":{"rendered":"<p><span style=\"text-decoration: underline;\"><strong>1\/Formules de calcul des vibrations de tirs de mines<\/strong><\/span><\/p>\n<p>Nous indiquons les deux formules de calcul des vibrations induites par les tirs de mines d\u2019une carri\u00e8re<\/p>\n<p><span style=\"text-decoration: underline;\">1.1\/ Loi de Chapot<\/span><\/p>\n<p>La formule en mati\u00e8re de vibrations induites par les tirs de mines est la formule de Chapot, du nom de l\u2019ing\u00e9nieur fran\u00e7ais des ponts et chauss\u00e9e qui l\u2019a \u00e9labor\u00e9e.<\/p>\n<p>Cette formule se pr\u00e9sente comme suit&nbsp;:<\/p>\n<p><kbd>V = K . (D\/Q<sup>0,5<\/sup>)<sup>(-b)<\/sup><\/kbd><\/p>\n<p>Avec:<\/p>\n<p>\u2022 &nbsp;V: &nbsp;la vitesse &nbsp;de vibration &nbsp;en mrn\/s<\/p>\n<p>\u2022 &nbsp;D:&nbsp; &nbsp;la distance tir-capteur &nbsp;en m<\/p>\n<p>\u2022 &nbsp;Q:&nbsp; &nbsp;la charge &nbsp;unitaire&nbsp; &nbsp;instantan\u00e9e d\u2019explosif en Kg<\/p>\n<p>\u2022&nbsp;&nbsp; &nbsp; K:&nbsp; &nbsp;le &nbsp;coefficient &nbsp;caract\u00e9risant &nbsp;le &nbsp;site &nbsp;(variant&nbsp;&nbsp; &nbsp;de &nbsp;300 &nbsp;\u00e0 &nbsp;6000 &nbsp;&nbsp;avec une &nbsp;valeur &nbsp;moyenne de 2500)<\/p>\n<p>\u2022 &nbsp;B: le coefficient &nbsp;caract\u00e9risant &nbsp;l\u2019att\u00e9nuation &nbsp;des ondes &nbsp;vibratoires<\/p>\n<p>La d\u00e9termination la plus exacte possible du coefficient K, qui d\u00e9pend des caract\u00e9ristiques g\u00e9ophysiques du site, est essentielle dans la mesure o\u00f9 la vitesse de vibration calcul\u00e9e lui est directement proportionnelle.<\/p>\n<p>La connaissance suffisamment fiable de la g\u00e9ologie du sol au sein de l\u2019exploitation est fondamentale afin de pouvoir mod\u00e9liser les vibrations, les tirs de mines qu\u2019une carri\u00e8re pr\u00e9voit, qui vont s\u2019ex\u00e9cuter \u00e0 diff\u00e9rents endroits du site en fonction de l\u2019avancement de l\u2019exploitation. Pour ce faire, il est indispensable d\u2019avoir d\u00e9termin\u00e9 au mieux le coefficient K intervenant dans la formule de Chapot.<\/p>\n<p>Il ressort de la litt\u00e9rature sp\u00e9cialis\u00e9e que la d\u00e9termination des deux coefficients de la loi exp\u00e9rimentale de propagation des&nbsp; &nbsp;vibrations&nbsp;&nbsp; \u2013&nbsp; &nbsp;les&nbsp; &nbsp;facteurs de site&nbsp; &nbsp;K &nbsp;et&nbsp; &nbsp;b &nbsp;\u2013&nbsp; &nbsp;rel\u00e8ve&nbsp; &nbsp;d\u2019une&nbsp; &nbsp;r\u00e9gression statistique&nbsp; &nbsp;pour&nbsp;&nbsp; &nbsp;laquelle &nbsp;trente&nbsp;&nbsp; &nbsp;tirs&nbsp; &nbsp;au&nbsp; &nbsp;minimum&nbsp; &nbsp;sont&nbsp;&nbsp;&nbsp; n\u00e9cessaires &nbsp;afin d\u2019assurer &nbsp;des &nbsp;r\u00e9sultats &nbsp;coh\u00e9rents &nbsp;(Kuzu &nbsp;et &nbsp;Hudaverdi 2005)<a id=\"_ftnref4\" href=\"https:\/\/xn--riveraindecarrire-6sb.be\/index.php\/category\/sica\/vi\/#_ftn4\">[1]<\/a>.<\/p>\n<p>Un travail de fin d\u2019\u00e9tudes d\u2019un \u00e9tudiant des Facult\u00e9s Polytechniques de Mons&nbsp;&nbsp; pour&nbsp; l\u2019obtention du&nbsp; grade&nbsp; de Master Ing\u00e9nieur civil en Mines et G\u00e9ologie et portant sur la&nbsp;<em>\u00ab&nbsp;Pr\u00e9vision des vibrations g\u00e9n\u00e9r\u00e9es par des tirs de mines dans le Tournaisis&nbsp;\u00bb<\/em>&nbsp;mentionne:&nbsp;<em>\u00ab&nbsp;Ce travail de fin&nbsp; d\u2019\u00e9tudes se base sur les r\u00e9sultats obtenus lors des 14 tirs&nbsp; r\u00e9alis\u00e9s sp\u00e9cialement pour&nbsp; ce projet&nbsp;\u00bb&nbsp;<\/em>(voir pi\u00e8ce 3).<\/p>\n<p>Il est \u00e0 noter que cette position est partag\u00e9e tant par l\u2019autorit\u00e9 administrative en mati\u00e8re de carri\u00e8re que par les instances juridictionnelles qui ont \u00e9t\u00e9 amen\u00e9es \u00e0 statuer sur la question.<\/p>\n<p>A titre d\u2019illustration, on peut consulter la d\u00e9cision du ministre de l\u2019environnement de la r\u00e9gion wallonne du 25 septembre 2017 de refus, sur cette base notamment, de permis d\u2019extraction pour la carri\u00e8re de Bossim\u00e9.<\/p>\n<p>On notera que le conseil d\u2019\u00e9tat en son arr\u00eat n\u00b0247.547 du 14 mai 2020 a confirm\u00e9 la l\u00e9galit\u00e9 de la d\u00e9cision du ministre.<\/p>\n<p>C\u2019est d\u2019ailleurs \u00e9galement la position qui est adopt\u00e9e dans les \u00e9tudes d\u2019incidences en mati\u00e8re de carri\u00e8res.<\/p>\n<hr class=\"wp-block-separator has-alpha-channel-opacity\">\n<p><a id=\"_ftn4\" href=\"https:\/\/xn--riveraindecarrire-6sb.be\/index.php\/category\/sica\/vi\/#_ftnref4\">[1]<\/a>&nbsp;Kuzu, C. ve&nbsp;H\u00fcdaverdi, T<strong>.,<\/strong>&nbsp;2005.&nbsp;Evaluation of Blast Induced Vibrations: A Case Study of Istanbul Cendere Region, The&nbsp;<em>3rd EFEE World Conference on Explosives and Blasting<\/em>, 13-16 Sep., Brighton, England<\/p>\n<p><span style=\"text-decoration: underline;\">1.2\/ Loi de Dowding<\/span><\/p>\n<p>Cette formule reste \u00e0 d\u00e9terminer<\/p>\n<p><span style=\"text-decoration: underline;\"><strong>2\/ Exemple chiffr\u00e9 des vibrations induites par les tirs de mines<\/strong><\/span><\/p>\n<p>On trouvera ci-dessous une feuille de calcul permettant des simulations de calcul de vibrations des tirs de mines, en sachant que les valeur K et b doivent \u00eatre fix\u00e9es en fonction du massif carrier par des essais in situ:<\/p>\n<p><a href=\"http:\/\/xn--riveraindecarrire-6sb.be\/wp-content\/uploads\/2023\/03\/Vibrations-Feuille-de-calcul.xlsx\">Vibrations &#8211; Feuille de calcul<\/a><\/p>\n<p><\/p>\n\n\n<p><\/p>\n","protected":false},"excerpt":{"rendered":"<p>1\/Formules de calcul des vibrations de tirs de mines Nous indiquons les deux formules de calcul des vibrations induites par les tirs de mines d\u2019une carri\u00e8re 1.1\/ Loi de Chapot La formule en mati\u00e8re de vibrations induites par les tirs de mines est la formule de Chapot, du nom de l\u2019ing\u00e9nieur fran\u00e7ais des ponts et &hellip; <\/p>\n<p class=\"link-more\"><a href=\"https:\/\/xn--riveraindecarrire-6sb.be\/index.php\/doctrine\/calcul-des-vibrations-des-tirs-de-mines\/\" class=\"more-link\">Continuer la lecture<span class=\"screen-reader-text\"> de &laquo;&nbsp;Calcul des vibrations des tirs de mines&nbsp;&raquo;<\/span><\/a><\/p>\n","protected":false},"author":1,"featured_media":0,"parent":33,"menu_order":2,"comment_status":"closed","ping_status":"closed","template":"","meta":[],"_links":{"self":[{"href":"https:\/\/xn--riveraindecarrire-6sb.be\/index.php\/wp-json\/wp\/v2\/pages\/4477"}],"collection":[{"href":"https:\/\/xn--riveraindecarrire-6sb.be\/index.php\/wp-json\/wp\/v2\/pages"}],"about":[{"href":"https:\/\/xn--riveraindecarrire-6sb.be\/index.php\/wp-json\/wp\/v2\/types\/page"}],"author":[{"embeddable":true,"href":"https:\/\/xn--riveraindecarrire-6sb.be\/index.php\/wp-json\/wp\/v2\/users\/1"}],"replies":[{"embeddable":true,"href":"https:\/\/xn--riveraindecarrire-6sb.be\/index.php\/wp-json\/wp\/v2\/comments?post=4477"}],"version-history":[{"count":5,"href":"https:\/\/xn--riveraindecarrire-6sb.be\/index.php\/wp-json\/wp\/v2\/pages\/4477\/revisions"}],"predecessor-version":[{"id":4994,"href":"https:\/\/xn--riveraindecarrire-6sb.be\/index.php\/wp-json\/wp\/v2\/pages\/4477\/revisions\/4994"}],"up":[{"embeddable":true,"href":"https:\/\/xn--riveraindecarrire-6sb.be\/index.php\/wp-json\/wp\/v2\/pages\/33"}],"wp:attachment":[{"href":"https:\/\/xn--riveraindecarrire-6sb.be\/index.php\/wp-json\/wp\/v2\/media?parent=4477"}],"curies":[{"name":"wp","href":"https:\/\/api.w.org\/{rel}","templated":true}]}}