{"id":4466,"date":"2023-01-29T11:40:55","date_gmt":"2023-01-29T10:40:55","guid":{"rendered":"https:\/\/xn--riveraindecarrire-6sb.be\/?page_id=4466"},"modified":"2023-01-29T12:24:55","modified_gmt":"2023-01-29T11:24:55","slug":"analyse-physico-sanitaire-du-gres","status":"publish","type":"page","link":"https:\/\/xn--riveraindecarrire-6sb.be\/index.php\/doctrine\/elements-de-geologie\/analyse-physico-sanitaire-du-gres\/","title":{"rendered":"Analyse physico-sanitaire du Gr\u00e8s"},"content":{"rendered":"<p><strong><u>1\/ Pr\u00e9sentation du gr\u00e8s<\/u><\/strong><\/p>\n<p>Le gr\u00e8s se d\u00e9finit comme suit&nbsp;:<\/p>\n<p><em>\u00ab&nbsp;Le&nbsp;<\/em><strong><em>gr\u00e8s<\/em><\/strong><em>&nbsp;est une&nbsp;<\/em><a href=\"https:\/\/fr.wikipedia.org\/wiki\/Roche_s%C3%A9dimentaire\"><em>roche s\u00e9dimentaire<\/em><\/a><em>&nbsp;<\/em><a href=\"https:\/\/fr.wikipedia.org\/wiki\/Roche_d%C3%A9tritique\"><em>d\u00e9tritique<\/em><\/a><em>, issue de l\u2019agr\u00e9gation et la cimentation (ou&nbsp;<\/em><a href=\"https:\/\/fr.wikipedia.org\/wiki\/Diagen%C3%A8se\"><em>diagen\u00e8se<\/em><\/a><em>) de grains de&nbsp;<\/em><a href=\"https:\/\/fr.wikipedia.org\/wiki\/Sable\"><em>sable<\/em><\/a><em>. Il peut s&rsquo;agir d&rsquo;une roche coh\u00e9rente et dure<\/em><a href=\"https:\/\/fr.wikipedia.org\/wiki\/Gr%C3%A8s_(g%C3%A9ologie)#cite_note-1\"><em><sup>1<\/sup><\/em><\/a><em>. Ces grains de sable sont souvent compos\u00e9s de&nbsp;<\/em><a href=\"https:\/\/fr.wikipedia.org\/wiki\/Silice\"><em>silice<\/em><\/a><em>&nbsp;(le plus souvent du&nbsp;<\/em><a href=\"https:\/\/fr.wikipedia.org\/wiki\/Quartz_(min%C3%A9ral)\"><em>quartz<\/em><\/a><em>, mais parfois de grains de&nbsp;<\/em><a href=\"https:\/\/fr.wikipedia.org\/wiki\/Feldspath\"><em>feldspath<\/em><\/a><em>&nbsp;et de&nbsp;<\/em><a href=\"https:\/\/fr.wikipedia.org\/wiki\/Mica\"><em>micas<\/em><\/a><em>&nbsp;noirs), mais ils peuvent avoir d\u2019autres compositions. On parle alors plut\u00f4t d&rsquo;<\/em><a href=\"https:\/\/fr.wikipedia.org\/wiki\/Ar%C3%A9nite\"><em>ar\u00e9nite<\/em><\/a><em>&nbsp;dans le cas o\u00f9 les grains sont&nbsp;<\/em><a href=\"https:\/\/fr.wikipedia.org\/wiki\/Carbonate\"><em>carbonat\u00e9s<\/em><\/a><em>.<a href=\"#_ftn1\" name=\"_ftnref1\"><strong>[1]<\/strong><\/a>&nbsp;\u00bb<\/em><\/p>\n<p>Le gr\u00e8s, pierre constitu\u00e9e de l\u2019agr\u00e9gation de grains de sable, porte le nom de sandstone en anglais, soit \u00ab&nbsp;pierre de sable&nbsp;\u00bb.<\/p>\n<p>Le gr\u00e8s est compos\u00e9 principalement de quartz, comme on pourra le d\u00e9duite du tableau ci-dessous<a href=\"#_ftn2\" name=\"_ftnref2\">[2]<\/a><\/p>\n<p><strong>Composition min\u00e9ralogique de quelques gr\u00e8s<\/strong>&nbsp;(en volume&nbsp;%)<\/p>\n<table>\n<tbody>\n<tr>\n<td><strong>types de gr\u00e8s<\/strong><\/td>\n<td><strong><a href=\"https:\/\/fr.wikipedia.org\/wiki\/Quartz_(min%C3%A9ral)\">Quartz<\/a><\/strong><\/td>\n<td><strong><a href=\"https:\/\/fr.wikipedia.org\/wiki\/Feldspath\">Feldspath<\/a><\/strong><\/td>\n<td><strong><a href=\"https:\/\/fr.wikipedia.org\/wiki\/Mica\">Mica<\/a><\/strong><\/td>\n<td><strong>Min\u00e9raux<br \/>\nargileux<\/strong><\/td>\n<td><strong><a href=\"https:\/\/fr.wikipedia.org\/wiki\/Groupe_des_chlorites\">chlorite<\/a><\/strong><\/td>\n<td><strong><a href=\"https:\/\/fr.wikipedia.org\/wiki\/Carbonate\">Carbonates<\/a><\/strong><\/td>\n<td><strong>Divers<\/strong><\/td>\n<\/tr>\n<tr>\n<td>gr\u00e8s \u00e0&nbsp;<em><a href=\"https:\/\/fr.wikipedia.org\/wiki\/Spirifer\">Spirifer<\/a><\/em><\/td>\n<td>70<\/td>\n<td>6<\/td>\n<td>10<\/td>\n<td>2<\/td>\n<td>&#8211;<\/td>\n<td>6<\/td>\n<td>6<\/td>\n<\/tr>\n<tr>\n<td><a href=\"https:\/\/fr.wikipedia.org\/wiki\/Gr%C3%A8s_bigarr%C3%A9\">gr\u00e8s bigarr\u00e9<\/a><\/td>\n<td>65<\/td>\n<td>20<\/td>\n<td>11<\/td>\n<td>&#8211;<\/td>\n<td>&#8211;<\/td>\n<td>&#8211;<\/td>\n<td>4<\/td>\n<\/tr>\n<tr>\n<td><a href=\"https:\/\/fr.wikipedia.org\/wiki\/Grauwacke\">grauwacke<\/a><\/td>\n<td>41<\/td>\n<td>35<\/td>\n<td>9<\/td>\n<td>1<\/td>\n<td>11<\/td>\n<td>11<\/td>\n<td>2<\/td>\n<\/tr>\n<tr>\n<td><a href=\"https:\/\/fr.wikipedia.org\/wiki\/Arkose\">arkose<\/a><\/td>\n<td>35<\/td>\n<td>23<\/td>\n<td>3<\/td>\n<td>16<\/td>\n<td>4<\/td>\n<td>1<\/td>\n<td>8<\/td>\n<\/tr>\n<\/tbody>\n<\/table>\n<p><strong><u>2\/ Pr\u00e9sentation de la silice cristalline<\/u><\/strong><\/p>\n<p>La silice se d\u00e9finit comme suit<a href=\"#_ftn3\" name=\"_ftnref3\">[3]<\/a><\/p>\n<p><em>\u00ab&nbsp;La&nbsp;<\/em><strong><em>silice<\/em><\/strong><em>&nbsp;est la forme naturelle du&nbsp;<\/em><a href=\"https:\/\/fr.wikipedia.org\/wiki\/Dioxyde_de_silicium\"><em>dioxyde de silicium<\/em><\/a><em>&nbsp;(SiO<sub>2<\/sub>) qui entre dans la composition de nombreux&nbsp;<\/em><a href=\"https:\/\/fr.wikipedia.org\/wiki\/Min%C3%A9ral\"><em>min\u00e9raux<\/em><\/a><em>.<\/em><\/p>\n<p><em>La silice existe \u00e0 l&rsquo;\u00e9tat libre sous diff\u00e9rentes formes&nbsp;<\/em><a href=\"https:\/\/fr.wikipedia.org\/wiki\/Cristal\"><em>cristallines<\/em><\/a><em>&nbsp;ou&nbsp;<\/em><a href=\"https:\/\/fr.wikipedia.org\/wiki\/Mati%C3%A8re_amorphe\"><em>amorphes<\/em><\/a><em>&nbsp;et \u00e0 l&rsquo;\u00e9tat combin\u00e9 dans les&nbsp;<\/em><a href=\"https:\/\/fr.wikipedia.org\/wiki\/Silicate\"><em>silicates<\/em><\/a><em>, les groupes SiO<sub>2<\/sub>&nbsp;\u00e9tant alors li\u00e9s \u00e0 d&rsquo;autres atomes (Al&nbsp;: aluminium, Fe&nbsp;: fer, Mg&nbsp;: magn\u00e9sium, Ca&nbsp;: calcium, Na&nbsp;: sodium, K&nbsp;: potassium,&nbsp;etc.)&nbsp;\u00bb<\/em><\/p>\n<p>L\u2019encyclop\u00e9die Wikipedia pr\u00e9cise encore&nbsp;:<\/p>\n<p><em>\u00ab&nbsp;La silice se pr\u00e9sente soit sous forme de&nbsp;<\/em><a href=\"https:\/\/fr.wikipedia.org\/wiki\/Cristal\"><em>cristaux<\/em><\/a><em>&nbsp;non-mol\u00e9culaires form\u00e9s de motifs t\u00e9tra\u00e9driques SiO<sub>4<\/sub>&nbsp;li\u00e9s entre eux par les atomes d&rsquo;oxyg\u00e8ne de fa\u00e7on r\u00e9guli\u00e8re<strong>, comme dans le&nbsp;<\/strong><\/em><a href=\"https:\/\/fr.wikipedia.org\/wiki\/Quartz_(min%C3%A9ral)\"><strong><em>quartz<\/em><\/strong><\/a><em>, soit sous forme amorphe, comme dans le&nbsp;<\/em><a href=\"https:\/\/fr.wikipedia.org\/wiki\/Verre\"><em>verre<\/em><\/a><em>.&nbsp;\u00bb<\/em><\/p>\n<p>L\u2019encyclop\u00e9die Wikipedia \u00e9nonce enfin les formes sous lesquelles la silice cristalline appara\u00eet dans la nature&nbsp;:<\/p>\n<p><em>\u00ab&nbsp;La silice cristallise sous plusieurs formes min\u00e9rales en fonction de la temp\u00e9rature et de la pression de cristallisation. Par temp\u00e9rature de fusion, voici les&nbsp;<\/em><a href=\"https:\/\/fr.wikipedia.org\/wiki\/Polymorphisme_(chimie)\"><em>polymorphes<\/em><\/a><em>&nbsp;de la silice&nbsp;:<\/em><\/p>\n<p><a href=\"https:\/\/fr.wikipedia.org\/wiki\/Stishovite\"><em>stishovite<\/em><\/a><em>&nbsp;(p<sub>f<\/sub>&nbsp;=&nbsp;1&nbsp;200&nbsp;\u00b0C)&nbsp;;<\/em><\/p>\n<p><a href=\"https:\/\/fr.wikipedia.org\/wiki\/Quartz_(min%C3%A9ral)\"><strong><em>quartz<\/em><\/strong><\/a><em>&nbsp;(\u03b1 ou \u03b2) (p<sub>f<\/sub>&nbsp;=&nbsp;1&nbsp;650&nbsp;\u00b0C)&nbsp;;<\/em><\/p>\n<p><a href=\"https:\/\/fr.wikipedia.org\/wiki\/Tridymite\"><em>tridymite<\/em><\/a><em>&nbsp;(p<sub>f<\/sub>&nbsp;=&nbsp;1&nbsp;670&nbsp;\u00b0C)&nbsp;;<\/em><\/p>\n<p><a href=\"https:\/\/fr.wikipedia.org\/wiki\/Calc%C3%A9doine\"><em>calc\u00e9doine<\/em><\/a><em>&nbsp;(p<sub>f<\/sub>&nbsp;=&nbsp;1&nbsp;700&nbsp;\u00b0C)&nbsp;;<\/em><\/p>\n<p><a href=\"https:\/\/fr.wikipedia.org\/wiki\/Cristobalite\"><em>cristobalite<\/em><\/a><em>&nbsp;(p<sub>f<\/sub>&nbsp;=&nbsp;1&nbsp;713&nbsp;\u00b0C)&nbsp;;<\/em><\/p>\n<p><a href=\"https:\/\/fr.wikipedia.org\/wiki\/Co%C3%A9site\"><em>co\u00e9site<\/em><\/a><em>.&nbsp;\u00bb<\/em><\/p>\n<p>On peut d\u00e8s lors conclure de ceci que le gr\u00e8s est compos\u00e9 principalement de silice cristalline.<\/p>\n<p><strong><u>3\/ Impact sanitaire majeur des poussi\u00e8res de silice cristalline sur la sant\u00e9 publique<\/u><\/strong><\/p>\n<p>L\u2019inhalation de<strong> <u>silice cristalline<\/u><\/strong> est un <strong>probl\u00e8me de sant\u00e9 publique majeur<\/strong>, parfaitement document\u00e9.<\/p>\n<p><strong>1<sup>\u00e8re<\/sup> branche<\/strong>&nbsp;\u2013 Silicose<\/p>\n<p>L\u2019inhalation de silice cristalline entraine dans un premier temps un probl\u00e8me de <u>silicose<\/u>, qui consiste en une inflammation des poumons, avec les difficult\u00e9s respiratoires que cela implique.<\/p>\n<p>La silicose est d\u00e9finie comme suit<a href=\"#_ftn4\" name=\"_ftnref4\">[4]<\/a>&nbsp;:<\/p>\n<p><em>\u00ab&nbsp;La&nbsp;<\/em><strong><em>silicose<\/em><\/strong><em>&nbsp;est une maladie pulmonaire provoqu\u00e9e par l&rsquo;inhalation de particules de poussi\u00e8res de&nbsp;<\/em><a href=\"https:\/\/fr.wikipedia.org\/wiki\/Silice\"><em>silice<\/em><\/a><em>&nbsp;(silice cristalline) dans les&nbsp;<\/em><a href=\"https:\/\/fr.wikipedia.org\/wiki\/Mine_(gisement)\"><em>mines<\/em><\/a><a href=\"https:\/\/fr.wikipedia.org\/wiki\/Silicose#cite_note-Mine95-1\"><em><sup>1<\/sup><\/em><\/a><em>, les&nbsp;<\/em><a href=\"https:\/\/fr.wikipedia.org\/wiki\/Carri%C3%A8re_(g%C3%A9ologie)\"><em>carri\u00e8res<\/em><\/a><a href=\"https:\/\/fr.wikipedia.org\/wiki\/Silicose#cite_note-Mine95-1\"><em><sup>1<\/sup><\/em><\/a><em>, les percements de&nbsp;<\/em><a href=\"https:\/\/fr.wikipedia.org\/wiki\/Tunnel\"><em>tunnel<\/em><\/a><em>&nbsp;ou les chantiers du BTP<\/em><a href=\"https:\/\/fr.wikipedia.org\/wiki\/Silicose#cite_note-2\"><em><sup>2<\/sup><\/em><\/a><em><sup>,<\/sup><\/em><a href=\"https:\/\/fr.wikipedia.org\/wiki\/Silicose#cite_note-3\"><em><sup>3<\/sup><\/em><\/a><em>&nbsp;(<\/em><a href=\"https:\/\/fr.wikipedia.org\/wiki\/Sablage\"><em>sablage<\/em><\/a><em>,&nbsp;<\/em><a href=\"https:\/\/fr.wikipedia.org\/wiki\/Grenaillage\"><em>grenaillage<\/em><\/a><a href=\"https:\/\/fr.wikipedia.org\/wiki\/Silicose#cite_note-4\"><em><sup>4<\/sup><\/em><\/a><em>, cassage, meulage ou sciage de b\u00e9tons<\/em><a href=\"https:\/\/fr.wikipedia.org\/wiki\/Silicose#cite_note-beton2002-5\"><em><sup>5<\/sup><\/em><\/a><em>, mortiers<\/em><a href=\"https:\/\/fr.wikipedia.org\/wiki\/Silicose#cite_note-beton2002-5\"><em><sup>5<\/sup><\/em><\/a><em>, taille ou d\u00e9coupe de pierres siliceuses, brique&#8230; sur des chantiers o\u00f9&nbsp;\u00ab&nbsp;les niveaux d\u2019exposition \u00e0 la silice cristalline dans le secteur de la construction d\u00e9passent encore fr\u00e9quemment les valeurs limites r\u00e9glementaires&nbsp;\u00bb<\/em><a href=\"https:\/\/fr.wikipedia.org\/wiki\/Silicose#cite_note-IRSST2011-6\"><em><sup>6<\/sup><\/em><\/a><em>), les usines de confection des \u00ab\u00a0jeans\u00a0\u00bb<\/em><a href=\"https:\/\/fr.wikipedia.org\/wiki\/Silicose#cite_note-7\"><em><sup>7<\/sup><\/em><\/a><em>, voire les moulins \u00e0 farine.<\/em><\/p>\n<p>(\u2026)<\/p>\n<p><em>La silicose se traduit par une <strong>r\u00e9duction progressive et irr\u00e9versible de la capacit\u00e9 respiratoire<\/strong> (<\/em><a href=\"https:\/\/fr.wikipedia.org\/wiki\/Insuffisance_respiratoire\"><em>insuffisance respiratoire<\/em><\/a><em>), m\u00eame apr\u00e8s l&rsquo;arr\u00eat de l&rsquo;exposition aux poussi\u00e8res.&nbsp;\u00bb<\/em><\/p>\n<p><strong>2<sup>\u00e8me<\/sup> branche<\/strong> \u2013 Fibrose<\/p>\n<p>La maladie \u00e9volue ensuite vers la <u>fibrose<\/u>, qui est d\u00e9finie comme suit<a href=\"#_ftn5\" name=\"_ftnref5\">[5]<\/a>&nbsp;:<\/p>\n<p><em>\u00ab&nbsp;La&nbsp;<\/em><strong><em>fibrose pulmonaire<\/em><\/strong><em>&nbsp;est une l\u00e9sion des&nbsp;<\/em><a href=\"https:\/\/fr.wikipedia.org\/wiki\/Poumon\"><em>poumons<\/em><\/a><em>&nbsp;caract\u00e9ris\u00e9e par une&nbsp;<\/em><a href=\"https:\/\/fr.wikipedia.org\/wiki\/Fibrose\"><em>fibrose<\/em><\/a><em>, c&rsquo;est-\u00e0-dire la pr\u00e9sence d&rsquo;un exc\u00e8s de&nbsp;<\/em><a href=\"https:\/\/fr.wikipedia.org\/wiki\/Tissu_conjonctif\"><em>tissu conjonctif<\/em><\/a><em>&nbsp;fibreux.&nbsp;\u00bb<\/em><\/p>\n<p>L\u2019encyclop\u00e9die Wikipedia pr\u00e9cise en ce qui concerne le traitement&nbsp;:<\/p>\n<p><em>Les options de traitement de la&nbsp;<\/em><a href=\"https:\/\/fr.wikipedia.org\/wiki\/Fibrose_pulmonaire_idiopathique\"><em>fibrose pulmonaire idiopathique<\/em><\/a><em>&nbsp;sont tr\u00e8s limit\u00e9es. Des recherches sont en cours, mais il n&rsquo;y a aucune indication pour le moment, que des m\u00e9dicaments pourraient traiter cette maladie. La transplantation du poumon est la seule option th\u00e9rapeutique valable pour les cas s\u00e9v\u00e8res.<\/em><\/p>\n<p>On ne peut que fr\u00e9mir \u00e0 cet \u00e9gard \u00e0 la lecture de la derni\u00e8re phrase du dernier alin\u00e9a de la premi\u00e8re colonne de la page 2 du rapport de l\u2019INRS,&nbsp; qui indique&nbsp;:<\/p>\n<p><em>\u00ab&nbsp;Les particules se d\u00e9posent dans la trach\u00e9e, les bronches et les poumons et y persistent, si bien qu\u2019une <u>exposition unique<\/u> \u00e0 forte dose peut provoquer des <u>effets durables<\/u>&nbsp;\u00bb<\/em><\/p>\n<p><strong>3<sup>\u00e8me<\/sup> branche<\/strong> \u2013 Cancer<\/p>\n<p>La maladie se termine en son stade ultime par des <u>l\u00e9sions canc\u00e9reuses <\/u>(voir dossier ci-dessous, effets canc\u00e9rog\u00e8nes du lien ci-dessous:<\/p>\n<p><a href=\"http:\/\/xn--riveraindecarrire-6sb.be\/wp-content\/uploads\/2018\/02\/FicheTox_232.pdf\">FicheTox_232<\/a><\/p>\n<p><strong>4<sup>\u00e8me<\/sup> branche<\/strong> \u2013 D\u00e9c\u00e8s<\/p>\n<p>La maladie se termine enfin par <u>la mort<\/u>, soit par insuffisance respiratoire ensuite de fibrose, soit par cancer ensuite des l\u00e9sions canc\u00e9reuses.<\/p>\n<p><strong><u>4\/ Implication des autorit\u00e9s internationales et nationales dans la probl\u00e9matique de sant\u00e9 publique majeure de la silice cristalline<\/u><\/strong><\/p>\n<p><strong>1<sup>\u00e8re<\/sup> branche<\/strong> \u2013 Classement de la silice cristalline en tant que canc\u00e9rig\u00e8ne certain par le CIRC<\/p>\n<p><span style=\"font-family: inherit;\">Le centre international de recherche sur le cancer, organisme d\u00e9pendant de l\u2019organisation mondiale de la sant\u00e9 des nations unies, a class\u00e9 en 1997 la silice cristalline en tant que groupe 1, c\u2019est-\u00e0-dire comme substance canc\u00e9rog\u00e8ne certaine pour l\u2019homme<\/span><a style=\"font-family: inherit;\" href=\"#_ftn1\" name=\"_ftnref1\">[6]<\/a><span style=\"font-family: inherit;\">.<\/span><\/p>\n<p>Ce groupe comprend les substances telles que l&rsquo;amiante, le benz\u00e8ne, etc&#8230;<\/p>\n<p>On trouvera ci-apr\u00e8s la monographie du CIRC sur la silice cristalline<\/p>\n<p><a href=\"http:\/\/xn--riveraindecarrire-6sb.be\/wp-content\/uploads\/2018\/02\/mono68.pdf\">mono68<\/a><\/p>\n<p><strong>2<sup>\u00e8me<\/sup> branche<\/strong> \u2013 Reprise de la silice cristalline parmi les 18 substances canc\u00e9rig\u00e8nes en mati\u00e8re de sant\u00e9 des travailleurs, par le conseil de l\u2019Union Europ\u00e9enne<\/p>\n<p>Le conseil de l\u2019Union Europ\u00e9enne vient de reprendre la silice cristalline dans les 18 substances canc\u00e9rig\u00e8nes en mati\u00e8re de sant\u00e9 des travailleurs, en compl\u00e9tant l\u2019annexe 1 de la directive 2004\/37 du 29 avril 2004<\/p>\n<p><a href=\"http:\/\/xn--riveraindecarrire-6sb.be\/wp-content\/uploads\/2018\/02\/Accord-europ\u00e9en-pour-limiter-lexposition-\u00e0-onze-substances-canc\u00e9rig\u00e8nes-_-Metro.pdf\">Accord europ\u00e9en pour limiter l&rsquo;exposition \u00e0 onze substances canc\u00e9rig\u00e8nes _ Metro<\/a><\/p>\n<p>Le Coreper (Comit\u00e9 des repr\u00e9sentants permanents de l\u2019Union Europ\u00e9enne) vient de conclure au mois de juillet 2017 sur cette probl\u00e9matique<\/p>\n<p><strong>3<sup>\u00e8me<\/sup> branche \u2013 <\/strong>Reprise de la silice cristalline dans le code du bien-\u00eatre au travail de Belgique<\/p>\n<p>Le titre 2 du livre VI du code du bien-\u00eatre au travail a pour titre&nbsp;: \u00ab&nbsp;Agents canc\u00e9rig\u00e8nes et mutag\u00e8nes&nbsp;\u00bb<\/p>\n<p>Le tableau faisant office d\u2019annexe VI.2.3 \u00e0 l\u2019article VI.2.1 alin\u00e9a 3 &nbsp;reprend la silice cristalline.<\/p>\n<p><strong><span style=\"text-decoration: underline;\">5\/ Importance de l&rsquo;impact de la silice cristalline en mati\u00e8re de maladies professionnelles<\/span><\/strong><\/p>\n<p>On trouvera ci-apr\u00e8s un extrait du rapport statistique 2020 de l&rsquo;agence f\u00e9d\u00e9rale des risques professionnels, qui montre l&rsquo;impact consid\u00e9rable de la silice cristalline par rapport \u00e0 l&rsquo;amiante (asbeste) pourtant bien plus connue.<\/p>\n<p>On ne peut que regretter que le rapport n&rsquo;indique pas de mani\u00e8re s\u00e9par\u00e9e comme pour l&rsquo;asbestose les suites de cancer de la silicose.<\/p>\n<p><a href=\"http:\/\/xn--riveraindecarrire-6sb.be\/wp-content\/uploads\/2018\/02\/Fedris-Extrait-rapport-2020.pdf\">Fedris &#8211; Extrait rapport statistique 2020<\/a><\/p>\n<p><strong><u>6\/ Parfaite connaissance de la probl\u00e9matique sanitaire de la silice cristalline par le secteur carrier.<\/u><\/strong><\/p>\n<p><strong>1<sup>\u00e8re<\/sup> branche<\/strong> &#8211; Doctrine<\/p>\n<p>La probl\u00e9matique de la silice cristalline est bien connue dans le secteur carrier et qu\u2019elle est parfaitement document\u00e9e, comme on peut le voir ci-dessous.<\/p>\n<p><a href=\"http:\/\/xn--riveraindecarrire-6sb.be\/wp-content\/uploads\/2018\/02\/TS732page18.pdf\">TS732page18<\/a><\/p>\n<p><strong>2<sup>\u00e8me<\/sup> branche<\/strong> &#8211; L\u00e9gislation<\/p>\n<p>Les mesures de s\u00e9curit\u00e9 au travail pour les salari\u00e9s de ce secteur accordent une tr\u00e8s grande importance \u00e0 la qualit\u00e9 de l\u2019air au sein de la carri\u00e8re, en \u00e9vitant le plus possible la diffusion de poussi\u00e8re sur les lieux de travail.<\/p>\n<p>La mati\u00e8re est d\u00e9taill\u00e9e dans l\u2019arr\u00eat\u00e9 royal du 06 janvier 1997 concernant les prescriptions minimales visant \u00e0 am\u00e9liorer la protection en mati\u00e8re de s\u00e9curit\u00e9 et de sant\u00e9 des travailleurs des industries extractives \u00e0 ciel ouvert ou souterraines<a href=\"#_ftn7\" name=\"_ftnref7\">[7]<\/a>, qui pr\u00e9cise en son article 4N3 les mesures de protection contre les atmosph\u00e8res nocives.<\/p>\n<p><strong><u>7\/ Impact, en mati\u00e8re de diffusion de poussi\u00e8res, de la manipulation du gr\u00e8s ou du maintien de parois ouvertes<\/u><\/strong><\/p>\n<p>L\u2019agence de protection de l\u2019environnement des Etats-Unis (EPA) a \u00e9labor\u00e9 un mod\u00e8le de diffusion de poussi\u00e8res de carri\u00e8re, qui sert de r\u00e9f\u00e9rence internationale en la mati\u00e8re.<\/p>\n<p>Le gouvernement du Canada a r\u00e9dig\u00e9, sur base de mod\u00e8le EPA, un guide pour les carri\u00e8res et les sabli\u00e8res.<\/p>\n<p><a href=\"http:\/\/xn--riveraindecarrire-6sb.be\/wp-content\/uploads\/2018\/02\/www.ec_.gc_.ca_inrp-npri_default.asp_langFrnA9C1EE34-1.pdf\">www.ec.gc.ca_inrp-npri_default.asp_lang=Fr&amp;n=A9C1EE34-1<\/a><\/p>\n<p><strong>1\u00e8re branche<\/strong> \u2013 Minage de parois de parois de carri\u00e8res<\/p>\n<p>Ce guide permet de calculer la diffusion de poussi\u00e8res, en fonction de leur taille, y compris les particules fines PM 2,5 et PM 10, lors de du minage et de l\u2019effondremnet des parois d\u2019une carri\u00e8re (point 8.3.).<\/p>\n<p>Cette formule est employ\u00e9e par la pratique, m\u00eame en l\u2019absence d\u2019utilisation d\u2019explosifs,&nbsp; pour approcher le ph\u00e9nom\u00e8ne de diffusion de poussi\u00e8res provoqu\u00e9 par la fracturation, le d\u00e9tachement et le glissement des roches<\/p>\n<p><strong>2<sup>\u00e8me<\/sup> branche<\/strong> \u2013 Erosion par le vent des parois du massif<\/p>\n<p>Ce guide permet \u00e9galement de calculer la diffusion de poussi\u00e8res, en fonction de leur taille, y compris les particules fines PM 2,5 et PM 10, en provenance de massifs ouverts, suite \u00e0 l\u2019\u00e9rosion par le vent (point 8.9)<\/p>\n<p>La formule, bas\u00e9e sur les piles de stockage, est utilis\u00e9e par la pratique pour approcher l\u2019\u00e9rosion du vent sur des massifs ouverts.<\/p>\n<p>Ces deux formules montrent qu\u2019il a <strong>toujours \u00e9mission particules fines lors de l\u2019exploitation d\u2019une carri\u00e8re<\/strong><\/p>\n<p><strong><u>8\/ Absence d\u2019effet de seuil en mati\u00e8re de diffusion de poussi\u00e8res de carri\u00e8res<\/u><\/strong><\/p>\n<p>La probl\u00e9matique qui est trait\u00e9e dans le cadre de la pr\u00e9sente demande vient de faire l\u2019objet d\u2019un tr\u00e8s important arr\u00eat du 28 juillet 2016 de la Cour de Justice de l\u2019Union Europ\u00e9enne dans l\u2019affaire C 104\/15 Commission contre Roumanie, que l&rsquo;on peut retrouver ci-apr\u00e8s<\/p>\n<p><a href=\"http:\/\/xn--riveraindecarrire-6sb.be\/wp-content\/uploads\/2018\/02\/C-104-15.pdf\">C-104-15<\/a><\/p>\n<p>La Commission Europ\u00e9enne soutenait dans cette affaire que la toxicit\u00e9 \u00e0 l\u2019exposition de particules fines ne connaissait pas d\u2019effet de seuil en dessous de laquelle il n\u2019y aurait pas d\u2019effet nuisibles sur la sant\u00e9 humaine.<\/p>\n<p>Le point 92 de l\u2019arr\u00eat pr\u00e9cise&nbsp;:<\/p>\n<p><em>\u00ab(\u2026)<\/em><\/p>\n<p><em>D\u2019autre part, l\u2019article 4 de la directive 2006\/21<a href=\"#_ftn8\" name=\"_ftnref8\"><strong>[8]<\/strong><\/a> ne fixe pas de seuil de pollution au-dessous duquel elle ne s\u2019appliquerait pas et le <strong>rapport de l\u2019OMS<\/strong>, invoqu\u00e9 \u00e0 l\u2019appui de la requ\u00eate de la Commission, <strong>ne fixe pas davantage de seuil au-dessous duquel une exposition aux particules fines inhalables peut \u00eatre r\u00e9put\u00e9e sans danger pour la sant\u00e9 humaine<\/strong>.&nbsp;\u00bb<\/em><\/p>\n<p>L\u2019Organisation Mondiale de la Sant\u00e9 (OMS) pr\u00e9cise dans son aide-m\u00e9moire n\u00b0 313 de septembre 2016 en page 4 :<\/p>\n<p><em>\u00ab&nbsp;M\u00eame \u00e0 faible concentration, la <strong>pollution aux petites particules<\/strong> a une incidence sanitaire&nbsp;; en effet, on a <strong>identifi\u00e9 aucun seuil au-dessous duquel elle n\u2019affecte en rien la sant\u00e9<\/strong>. C\u2019est pourquoi il \u00e9tait pr\u00e9conis\u00e9 dans les lignes directrices de 2005 d\u2019\u0153uvrer au maximum les niveaux de concentration des particules en suspension.&nbsp;\u00bb<\/em><\/p>\n<p><a href=\"http:\/\/xn--riveraindecarrire-6sb.be\/wp-content\/uploads\/2018\/02\/www.who_.int_mediacentre_factsheets_fs313_fr.pdf\">www.who.int_mediacentre_factsheets_fs313_fr<\/a><\/p>\n<p>La Cour de Justice de l\u2019Union Europ\u00e9enne \u00e0 tr\u00e8s justement suivi la position de la Commission.<\/p>\n<p>Elle a s\u00e8chement condamn\u00e9 la Roumanie dans les termes suivants (point 117)&nbsp;:<\/p>\n<p><em>\u00ab&nbsp; <strong>En n\u2019adoptant pas les mesures appropri\u00e9es pour pr\u00e9venir le soul\u00e8vement de poussi\u00e8res \u00e0 partir de la surface du bassin do Bosneag <\/strong>\u2013 extension, <strong>la Roumanie a manqu\u00e9 aux obligations <\/strong>qui lui incombent en vertu e l\u2019article 4 et de l\u2019article 13, paragraphe 2, de la directive 2006\/21\/CE du Parlement Europ\u00e9en et du Conseil, du 15 mars 2006, concernant la gestion des d\u00e9chets de l\u2019industrie extractive et modifiant la directive 2004\/35\/CE.&nbsp;\u00bb<\/em><\/p>\n<p><strong><u>9\/ Conclusions <\/u><\/strong><\/p>\n<p>On peut d\u00e9duire des consid\u00e9rations pr\u00e9c\u00e9dentes que <strong>le strict respect des mesures environnementales pr\u00e9vues par les permis d\u2019extraction de carri\u00e8res de gr\u00e8s <\/strong>en vue<strong>&nbsp;<\/strong> de la protection&nbsp; des riverains en mati\u00e8re d&rsquo;\u00e9mission de poussi\u00e8res,&nbsp; est <strong>indispensable au maintien de la sant\u00e9 des riverains<\/strong>.<\/p>\n<p><a href=\"#_ftnref1\" name=\"_ftn1\">[1]<\/a> Source Wikipedia<\/p>\n<p><a href=\"#_ftnref2\" name=\"_ftn2\">[2]<\/a> Source Wikipedia<\/p>\n<p><a href=\"#_ftnref3\" name=\"_ftn3\">[3]<\/a> Source Wikipedia<\/p>\n<p><a href=\"#_ftnref4\" name=\"_ftn4\">[4]<\/a> Source Wikipedia<\/p>\n<p><a href=\"#_ftnref5\" name=\"_ftn5\">[5]<\/a> Source Wikipedia<\/p>\n<p><a href=\"#_ftnref6\" name=\"_ftn6\">[6]<\/a> International Agency for Research on Cancer&nbsp;: IARC monographs on the evaluation of carcinogenic risks to humans, Vol. 68, Silica, some silicates, coal dust and paraamid fibrils. Lyon: <em>International Agency for Research on Cancer,<\/em> 1997.<\/p>\n<p><a href=\"#_ftnref7\" name=\"_ftn7\">[7]<\/a> MB 12 mars 1997, p. 5268<\/p>\n<p><a href=\"#_ftnref8\" name=\"_ftn8\">[8]<\/a> Directive 2006\/21\/CE du Parlement Europ\u00e9en et du Conseil, du 15 mars 2006, concernant la gestion des d\u00e9chets de l\u2019industrie extractive et modifiant la directive 2004\/35\/CE, dont, pour rappel, le demandeur demande le respect au point 1.6\/ de ses conclusions avant r\u00e9ouverture des d\u00e9bats.<\/p>\n","protected":false},"excerpt":{"rendered":"<p>1\/ Pr\u00e9sentation du gr\u00e8s Le gr\u00e8s se d\u00e9finit comme suit&nbsp;: \u00ab&nbsp;Le&nbsp;gr\u00e8s&nbsp;est une&nbsp;roche s\u00e9dimentaire&nbsp;d\u00e9tritique, issue de l\u2019agr\u00e9gation et la cimentation (ou&nbsp;diagen\u00e8se) de grains de&nbsp;sable. Il peut s&rsquo;agir d&rsquo;une roche coh\u00e9rente et dure1. Ces grains de sable sont souvent compos\u00e9s de&nbsp;silice&nbsp;(le plus souvent du&nbsp;quartz, mais parfois de grains de&nbsp;feldspath&nbsp;et de&nbsp;micas&nbsp;noirs), mais ils peuvent avoir d\u2019autres compositions. On &hellip; <\/p>\n<p class=\"link-more\"><a href=\"https:\/\/xn--riveraindecarrire-6sb.be\/index.php\/doctrine\/elements-de-geologie\/analyse-physico-sanitaire-du-gres\/\" class=\"more-link\">Continuer la lecture<span class=\"screen-reader-text\"> de &laquo;&nbsp;Analyse physico-sanitaire du Gr\u00e8s&nbsp;&raquo;<\/span><\/a><\/p>\n","protected":false},"author":1,"featured_media":0,"parent":255,"menu_order":0,"comment_status":"closed","ping_status":"closed","template":"","meta":[],"_links":{"self":[{"href":"https:\/\/xn--riveraindecarrire-6sb.be\/index.php\/wp-json\/wp\/v2\/pages\/4466"}],"collection":[{"href":"https:\/\/xn--riveraindecarrire-6sb.be\/index.php\/wp-json\/wp\/v2\/pages"}],"about":[{"href":"https:\/\/xn--riveraindecarrire-6sb.be\/index.php\/wp-json\/wp\/v2\/types\/page"}],"author":[{"embeddable":true,"href":"https:\/\/xn--riveraindecarrire-6sb.be\/index.php\/wp-json\/wp\/v2\/users\/1"}],"replies":[{"embeddable":true,"href":"https:\/\/xn--riveraindecarrire-6sb.be\/index.php\/wp-json\/wp\/v2\/comments?post=4466"}],"version-history":[{"count":2,"href":"https:\/\/xn--riveraindecarrire-6sb.be\/index.php\/wp-json\/wp\/v2\/pages\/4466\/revisions"}],"predecessor-version":[{"id":4502,"href":"https:\/\/xn--riveraindecarrire-6sb.be\/index.php\/wp-json\/wp\/v2\/pages\/4466\/revisions\/4502"}],"up":[{"embeddable":true,"href":"https:\/\/xn--riveraindecarrire-6sb.be\/index.php\/wp-json\/wp\/v2\/pages\/255"}],"wp:attachment":[{"href":"https:\/\/xn--riveraindecarrire-6sb.be\/index.php\/wp-json\/wp\/v2\/media?parent=4466"}],"curies":[{"name":"wp","href":"https:\/\/api.w.org\/{rel}","templated":true}]}}