{"id":2232,"date":"2022-07-16T09:17:35","date_gmt":"2022-07-16T07:17:35","guid":{"rendered":"http:\/\/xn--riveraindecarrire-6sb.be\/?page_id=2232"},"modified":"2023-01-29T12:02:38","modified_gmt":"2023-01-29T11:02:38","slug":"permis-requis-pour-exploiter-une-carriere","status":"publish","type":"page","link":"https:\/\/xn--riveraindecarrire-6sb.be\/index.php\/analyse-juridique-dune-carriere\/permis-requis-pour-exploiter-une-carriere\/","title":{"rendered":"Permis requis pour exploiter une carri\u00e8re"},"content":{"rendered":"<p>Une carri\u00e8re doit toujours \u00eatre titulaire de deux permis pour pouvoir \u00eatre exploit\u00e9e<\/p>\n<p>Ces deux permis sont<\/p>\n<ul>\n<li>le permis d\u2019urbanisme en vue de modifier le relief du sol<\/li>\n<li>le permis d\u2019environnement<\/li>\n<\/ul>\n<p>On notera que ces deux permis peuvent \u00eatre d\u00e9livr\u00e9s ensemble sous la forme d\u2019un permis unique<\/p>\n<p>Dans le cas o\u00f9 un carri\u00e8re comporte un terril ou un bassin de d\u00e9cantation, elle doit \u00e9galement \u00eatre titulaire d\u2019un permis de gestion des d\u00e9chets d&rsquo;\u00a0\u00bbextraction<\/p>\n<p><span style=\"text-decoration: underline;\">1\/ Permis d\u2019urbanisme en vue de modifier le relief du sol<\/span><\/p>\n<p>Depuis la loi organique sur l\u2019am\u00e9nagement du territoire et de l\u2019urbanisme du 29 mars 1962, aucune carri\u00e8re ne peut op\u00e9rer sans un permis de modifier le relief du sol<\/p>\n<p>Cette obligation est reprise actuellement \u00e0 l\u2019article \u2026 du code de d\u00e9veloppement territorial, qui indique<\/p>\n<p><span style=\"text-decoration: underline;\">2\/ Permis d\u2019environnement<\/span><\/p>\n<p>On rappellera que le permis d\u2019environnement est un permis int\u00e9gr\u00e9 reprend une s\u00e9rie d\u2019autorisations, qui \u00e9taient octroy\u00e9es s\u00e9par\u00e9ment dans le pass\u00e9<\/p>\n<p><a href=\"http:\/\/xn--riveraindecarrire-6sb.be\/wp-content\/uploads\/2022\/08\/memu_PE1.pdf\">Permis environnement<\/a><\/p>\n<p><span style=\"text-decoration: underline;\">3\/ Permis de gestion des d\u00e9chets d\u2019extraction<\/span><\/p>\n","protected":false},"excerpt":{"rendered":"<p>Une carri\u00e8re doit toujours \u00eatre titulaire de deux permis pour pouvoir \u00eatre exploit\u00e9e Ces deux permis sont le permis d\u2019urbanisme en vue de modifier le relief du sol le permis d\u2019environnement On notera que ces deux permis peuvent \u00eatre d\u00e9livr\u00e9s ensemble sous la forme d\u2019un permis unique Dans le cas o\u00f9 un carri\u00e8re comporte un &hellip; <\/p>\n<p class=\"link-more\"><a href=\"https:\/\/xn--riveraindecarrire-6sb.be\/index.php\/analyse-juridique-dune-carriere\/permis-requis-pour-exploiter-une-carriere\/\" class=\"more-link\">Continuer la lecture<span class=\"screen-reader-text\"> de &laquo;&nbsp;Permis requis pour exploiter une carri\u00e8re&nbsp;&raquo;<\/span><\/a><\/p>\n","protected":false},"author":1,"featured_media":0,"parent":2227,"menu_order":1,"comment_status":"closed","ping_status":"closed","template":"","meta":[],"_links":{"self":[{"href":"https:\/\/xn--riveraindecarrire-6sb.be\/index.php\/wp-json\/wp\/v2\/pages\/2232"}],"collection":[{"href":"https:\/\/xn--riveraindecarrire-6sb.be\/index.php\/wp-json\/wp\/v2\/pages"}],"about":[{"href":"https:\/\/xn--riveraindecarrire-6sb.be\/index.php\/wp-json\/wp\/v2\/types\/page"}],"author":[{"embeddable":true,"href":"https:\/\/xn--riveraindecarrire-6sb.be\/index.php\/wp-json\/wp\/v2\/users\/1"}],"replies":[{"embeddable":true,"href":"https:\/\/xn--riveraindecarrire-6sb.be\/index.php\/wp-json\/wp\/v2\/comments?post=2232"}],"version-history":[{"count":5,"href":"https:\/\/xn--riveraindecarrire-6sb.be\/index.php\/wp-json\/wp\/v2\/pages\/2232\/revisions"}],"predecessor-version":[{"id":4485,"href":"https:\/\/xn--riveraindecarrire-6sb.be\/index.php\/wp-json\/wp\/v2\/pages\/2232\/revisions\/4485"}],"up":[{"embeddable":true,"href":"https:\/\/xn--riveraindecarrire-6sb.be\/index.php\/wp-json\/wp\/v2\/pages\/2227"}],"wp:attachment":[{"href":"https:\/\/xn--riveraindecarrire-6sb.be\/index.php\/wp-json\/wp\/v2\/media?parent=2232"}],"curies":[{"name":"wp","href":"https:\/\/api.w.org\/{rel}","templated":true}]}}