{"id":142,"date":"2018-02-06T14:30:03","date_gmt":"2018-02-06T13:30:03","guid":{"rendered":"http:\/\/xn--riveraindecarrire-6sb.be\/?page_id=142"},"modified":"2023-02-28T09:49:35","modified_gmt":"2023-02-28T08:49:35","slug":"droit-conseil-de-leurope","status":"publish","type":"page","link":"https:\/\/xn--riveraindecarrire-6sb.be\/index.php\/legislation\/legislation-union-europeenne\/droit-conseil-de-leurope\/","title":{"rendered":"Droit conseil de l&rsquo;Europe"},"content":{"rendered":"\n<p><strong>1\/ Convention europ\u00e9enne de sauvegarde des droits de l&rsquo;homme<\/strong><\/p>\n\n\n\n<p>On tortorera ci-dessous le texte de la convention europ\u00e9enne de sauvegarde des droits de l&rsquo;homme.<\/p>\n\n\n\n<p><a href=\"http:\/\/xn--riveraindecarrire-6sb.be\/wp-content\/uploads\/2018\/02\/Convention_FRA.pdf\">Convention_FRA<\/a><\/p>\n\n\n\n<p>On sera particuli\u00e8rement attentif \u00e0 l&rsquo;article 2 qui concerne le droit \u00e0 la vie.<\/p>\n\n\n\n<p>Cet article est r\u00e9guli\u00e8rement invoqu\u00e9 en mati\u00e8re environnementale devant la cour europ\u00e9enne des droits de l&rsquo;homme, lorsque la sant\u00e9 du citoyen est menac\u00e9e.<\/p>\n\n\n\n<p>Le conseil de l&rsquo;Europe a \u00e9dit\u00e9 un manuel \u00e0 ce sujet en 2012, dont on trouvera copie ci-apr\u00e8s:&nbsp;<a href=\"http:\/\/xn--riveraindecarrire-6sb.be\/wp-content\/uploads\/2018\/02\/DH_DEV_Manual_Environnement_Fr.pdf\">DH_DEV_Manual_Environnement_Fr<\/a><\/p>\n\n\n\n<p>On se r\u00e9f\u00e9ra \u00e9galement utilement \u00e0 l&rsquo;excellent ouvrage suivant: Lo\u00efc Robert, \u00ab\u00a0L&rsquo;environnement et la convention europ\u00e9enne des droits de l&rsquo;homme\u00a0\u00bb, Larcier, 2013, 244 pages.<\/p>\n","protected":false},"excerpt":{"rendered":"<p>1\/ Convention europ\u00e9enne de sauvegarde des droits de l&rsquo;homme On tortorera ci-dessous le texte de la convention europ\u00e9enne de sauvegarde des droits de l&rsquo;homme. Convention_FRA On sera particuli\u00e8rement attentif \u00e0 l&rsquo;article 2 qui concerne le droit \u00e0 la vie. Cet article est r\u00e9guli\u00e8rement invoqu\u00e9 en mati\u00e8re environnementale devant la cour europ\u00e9enne des droits de l&rsquo;homme, &hellip; <\/p>\n<p class=\"link-more\"><a href=\"https:\/\/xn--riveraindecarrire-6sb.be\/index.php\/legislation\/legislation-union-europeenne\/droit-conseil-de-leurope\/\" class=\"more-link\">Continuer la lecture<span class=\"screen-reader-text\"> de &laquo;&nbsp;Droit conseil de l&rsquo;Europe&nbsp;&raquo;<\/span><\/a><\/p>\n","protected":false},"author":1,"featured_media":0,"parent":80,"menu_order":0,"comment_status":"closed","ping_status":"closed","template":"","meta":[],"_links":{"self":[{"href":"https:\/\/xn--riveraindecarrire-6sb.be\/index.php\/wp-json\/wp\/v2\/pages\/142"}],"collection":[{"href":"https:\/\/xn--riveraindecarrire-6sb.be\/index.php\/wp-json\/wp\/v2\/pages"}],"about":[{"href":"https:\/\/xn--riveraindecarrire-6sb.be\/index.php\/wp-json\/wp\/v2\/types\/page"}],"author":[{"embeddable":true,"href":"https:\/\/xn--riveraindecarrire-6sb.be\/index.php\/wp-json\/wp\/v2\/users\/1"}],"replies":[{"embeddable":true,"href":"https:\/\/xn--riveraindecarrire-6sb.be\/index.php\/wp-json\/wp\/v2\/comments?post=142"}],"version-history":[{"count":2,"href":"https:\/\/xn--riveraindecarrire-6sb.be\/index.php\/wp-json\/wp\/v2\/pages\/142\/revisions"}],"predecessor-version":[{"id":4451,"href":"https:\/\/xn--riveraindecarrire-6sb.be\/index.php\/wp-json\/wp\/v2\/pages\/142\/revisions\/4451"}],"up":[{"embeddable":true,"href":"https:\/\/xn--riveraindecarrire-6sb.be\/index.php\/wp-json\/wp\/v2\/pages\/80"}],"wp:attachment":[{"href":"https:\/\/xn--riveraindecarrire-6sb.be\/index.php\/wp-json\/wp\/v2\/media?parent=142"}],"curies":[{"name":"wp","href":"https:\/\/api.w.org\/{rel}","templated":true}]}}