{"id":122,"date":"2018-02-06T12:16:18","date_gmt":"2018-02-06T11:16:18","guid":{"rendered":"http:\/\/xn--riveraindecarrire-6sb.be\/?page_id=122"},"modified":"2023-02-26T15:55:04","modified_gmt":"2023-02-26T14:55:04","slug":"accueil","status":"publish","type":"page","link":"https:\/\/xn--riveraindecarrire-6sb.be\/","title":{"rendered":"Accueil"},"content":{"rendered":"<p>Bienvenue sur le site du riverain de carri\u00e8re en Wallonie<\/p>\n<p>Nous sommes un collectif de riverains de carri\u00e8re, form\u00e9 de juristes et de scientifiques, qui sont confront\u00e9s depuis tr\u00e8s longtemps \u00e0 la carence d&rsquo;informations en mati\u00e8re de carri\u00e8re en Wallonie.<\/p>\n<p>Il existe bien une base de donn\u00e9es de l\u00e9gislation en mati\u00e8re de carri\u00e8re sur le portail \u00ab\u00a0Environnement\u00a0\u00bb de la Wallonie, mais il n&rsquo;y a aucune explication sur le contexte et l&rsquo;impact de ces l\u00e9gislations.<\/p>\n<p>Ce site vise \u00e0 aider le riverain de carri\u00e8re, ainsi que ses avocats et conseils techniques \u00e9ventuels, dans sa recherche d&rsquo;information.<\/p>\n<p>Nous attirons l&rsquo;attention du lecteur sur le fait que le site est technique tant au niveau juridique que scientifique. Il ne s&rsquo;agit pas d&rsquo;un site d&rsquo;information g\u00e9n\u00e9raliste sur le domaine des carri\u00e8res mais d&rsquo;un site destin\u00e9 \u00e0 b\u00e2tir une argumentation tant de mani\u00e8re amiable que judiciaire pour le riverain de carri\u00e8re.<\/p>\n<p>En termes juridiques, il s&rsquo;agit de permettre au riverain de carri\u00e8re de constituer ses \u00ab\u00a0moyens\u00a0\u00bb.<\/p>\n<p>Nous souhaitons enfin insister sur le fait que notre d\u00e9marche n&rsquo;est pas orient\u00e9e contre le secteur carrier, qui est une source de richesse incontestable pour la Wallonie. Le travail effectu\u00e9 vise \u00e0 permettre un dialogue <strong>\u00e9quilibr\u00e9<\/strong> entre le riverain et le carrier, en vue d&rsquo;une exploitation harmonieuse de la ressource.<\/p>\n<p>Le secteur carrier pourra d&rsquo;ailleurs trouver dans le\u00a0 site des informations pertinentes sur les points sensibles en mati\u00e8re d&rsquo;\u00e9valuation des incidences sur l&rsquo;environnement, propres au secteur.<\/p>\n<p>Nous vous informons enfin que notre \u00e9quipe, constitu\u00e9e exclusivement de b\u00e9n\u00e9voles, alimente le site jour apr\u00e8s jour, de sorte que nous avons pour ambition de faire \u00e9voluer\u00a0 le site au fur et \u00e0 mesure du temps.<\/p>\n<p>Ne soyez d\u00e8s lors pas \u00e9tonn\u00e9s que certaines pages soient vierges, en attente d&rsquo;alimentation. N&rsquo;h\u00e9sitez pas \u00e0 les consulter plus tard.<\/p>\n<p>Nous terminerons enfin en vous pr\u00e9cisant que nous nous effor\u00e7ons d&rsquo;avoir une information la plus exacte possible, laquelle ne saurait n\u00e9anmoins engager notre responsabilit\u00e9.<\/p>\n<p>Nous vous invitons \u00e0 toujours faire revoir l&rsquo;information pr\u00e9sent\u00e9e sur le pr\u00e9sent site, par votre conseil juridique et\/ou technique.<\/p>\n<p>Vous pouvez nous contacter via le formulaire de contact, \u00e0 droite du menu.<\/p>\n<p>L&rsquo;\u00e9quipe du site \u00ab\u00a0Riverain de carri\u00e8re\u00a0\u00bb<\/p>\n","protected":false},"excerpt":{"rendered":"<p>Bienvenue sur le site du riverain de carri\u00e8re en Wallonie Nous sommes un collectif de riverains de carri\u00e8re, form\u00e9 de juristes et de scientifiques, qui sont confront\u00e9s depuis tr\u00e8s longtemps \u00e0 la carence d&rsquo;informations en mati\u00e8re de carri\u00e8re en Wallonie. Il existe bien une base de donn\u00e9es de l\u00e9gislation en mati\u00e8re de carri\u00e8re sur le &hellip; <\/p>\n<p class=\"link-more\"><a href=\"https:\/\/xn--riveraindecarrire-6sb.be\/\" class=\"more-link\">Continuer la lecture<span class=\"screen-reader-text\"> de &laquo;&nbsp;Accueil&nbsp;&raquo;<\/span><\/a><\/p>\n","protected":false},"author":1,"featured_media":0,"parent":0,"menu_order":0,"comment_status":"closed","ping_status":"closed","template":"","meta":[],"_links":{"self":[{"href":"https:\/\/xn--riveraindecarrire-6sb.be\/index.php\/wp-json\/wp\/v2\/pages\/122"}],"collection":[{"href":"https:\/\/xn--riveraindecarrire-6sb.be\/index.php\/wp-json\/wp\/v2\/pages"}],"about":[{"href":"https:\/\/xn--riveraindecarrire-6sb.be\/index.php\/wp-json\/wp\/v2\/types\/page"}],"author":[{"embeddable":true,"href":"https:\/\/xn--riveraindecarrire-6sb.be\/index.php\/wp-json\/wp\/v2\/users\/1"}],"replies":[{"embeddable":true,"href":"https:\/\/xn--riveraindecarrire-6sb.be\/index.php\/wp-json\/wp\/v2\/comments?post=122"}],"version-history":[{"count":20,"href":"https:\/\/xn--riveraindecarrire-6sb.be\/index.php\/wp-json\/wp\/v2\/pages\/122\/revisions"}],"predecessor-version":[{"id":4695,"href":"https:\/\/xn--riveraindecarrire-6sb.be\/index.php\/wp-json\/wp\/v2\/pages\/122\/revisions\/4695"}],"wp:attachment":[{"href":"https:\/\/xn--riveraindecarrire-6sb.be\/index.php\/wp-json\/wp\/v2\/media?parent=122"}],"curies":[{"name":"wp","href":"https:\/\/api.w.org\/{rel}","templated":true}]}}